{"id":1067,"date":"2025-01-17T14:07:55","date_gmt":"2025-01-17T11:07:55","guid":{"rendered":"https:\/\/hbbkimya.com\/?post_type=product&#038;p=1067"},"modified":"2026-02-10T23:11:47","modified_gmt":"2026-02-10T20:11:47","slug":"91201-aquadur-su-sertlik-kagidi","status":"publish","type":"product","link":"https:\/\/hbbkimya.com\/?product=91201-aquadur-su-sertlik-kagidi","title":{"rendered":"91201 AQUADUR Su Sertlik Ka\u011f\u0131d\u0131 &#8211; Aquadur"},"content":{"rendered":"<p><a href=\"https:\/\/hbbkimya.com\/wp-content\/uploads\/2025\/01\/aquadur.webp\"><img loading=\"lazy\" decoding=\"async\" class=\"alignnone size-medium wp-image-1068\" src=\"https:\/\/hbbkimya.com\/wp-content\/uploads\/2025\/01\/aquadur-275x300.webp\" alt=\"\" width=\"275\" height=\"300\" srcset=\"https:\/\/hbbkimya.com\/wp-content\/uploads\/2025\/01\/aquadur-275x300.webp 275w, https:\/\/hbbkimya.com\/wp-content\/uploads\/2025\/01\/aquadur-600x653.webp 600w, https:\/\/hbbkimya.com\/wp-content\/uploads\/2025\/01\/aquadur.webp 685w\" sizes=\"auto, (max-width: 275px) 100vw, 275px\" \/><\/a><\/p>\n","protected":false},"excerpt":{"rendered":"<table style=\"font-weight: 400;\" width=\"0\">\n<tbody>\n<tr>\n<td width=\"719\">\n<ul>\n<li>Aquadur test stripleri suyun sertli\u011fini \u00f6l\u00e7mek i\u00e7in kullan\u0131labilecek en kolay ve en iyi y\u00f6ntemlerdendir<\/li>\n<li>Ye\u015filden k\u0131rm\u0131z\u0131ya do\u011fru a\u00e7\u0131k\u00e7a meydana gelen renk de\u011fi\u015fimi, kesin sonu\u00e7lar\u0131n g\u00f6zlenmesini sa\u011flar.<\/li>\n<li>Ye\u015fil\/k\u0131rm\u0131z\u0131 renk de\u011fi\u015fim g\u00f6stergesi, renk kart\u0131 gereksinimini ortadan kald\u0131r\u0131r.<\/li>\n<li>Kullan\u0131m talimatlar\u0131, kutu i\u00e7erisinde bulunan belge ile taraf\u0131n\u0131za sunulmaktad\u0131r.<\/li>\n<li>Hidrofobik s\u0131v\u0131 bariyeri, pH ka\u011f\u0131d\u0131n\u0131n \u00fcst b\u00f6l\u00fcm\u00fcnde istenmeyen s\u0131v\u0131 \u0131slanmalar\u0131n\u0131 engeller.<\/li>\n<\/ul>\n<p>&nbsp;<\/p>\n<p>Suyun sertlik derecesi i\u00e7erdi\u011fi magnezyum ve kalsiyum tuzlar\u0131na ba\u011fl\u0131d\u0131r ve ppm (mg\/l) CaCO3 olarak tan\u0131mlan\u0131r. Bu tuzlar\u0131n toplam birikimi suyun sertlik derecesini belirler:<\/p>\n<p><b>50 ppm alt\u0131nda : \u00e7ok yumu\u015fak su<\/b><\/p>\n<p><b>50-120 ppm : yumu\u015fak su<\/b><\/p>\n<p><b>120-240 ppm : orta sert su<\/b><\/p>\n<p><b>240-360 ppm : sert su<\/b><\/p>\n<p><b>360 ppm \u00fczeri : \u00e7ok sert su<\/b><\/td>\n<\/tr>\n<\/tbody>\n<\/table>\n","protected":false},"featured_media":1068,"comment_status":"open","ping_status":"closed","template":"","meta":{"neve_meta_sidebar":"","neve_meta_container":"","neve_meta_enable_content_width":"off","neve_meta_content_width":100,"neve_meta_title_alignment":"","neve_meta_author_avatar":"","neve_post_elements_order":"","neve_meta_disable_header":"","neve_meta_disable_footer":"","neve_meta_disable_title":"","_themeisle_gutenberg_block_has_review":false},"product_brand":[],"product_cat":[40],"product_tag":[],"class_list":{"0":"post-1067","1":"product","2":"type-product","3":"status-publish","4":"has-post-thumbnail","6":"product_cat-test-kitleri-stripleri","8":"first","9":"instock","10":"taxable","11":"shipping-taxable","12":"purchasable","13":"product-type-simple"},"_links":{"self":[{"href":"https:\/\/hbbkimya.com\/index.php?rest_route=\/wp\/v2\/product\/1067","targetHints":{"allow":["GET"]}}],"collection":[{"href":"https:\/\/hbbkimya.com\/index.php?rest_route=\/wp\/v2\/product"}],"about":[{"href":"https:\/\/hbbkimya.com\/index.php?rest_route=\/wp\/v2\/types\/product"}],"replies":[{"embeddable":true,"href":"https:\/\/hbbkimya.com\/index.php?rest_route=%2Fwp%2Fv2%2Fcomments&post=1067"}],"wp:featuredmedia":[{"embeddable":true,"href":"https:\/\/hbbkimya.com\/index.php?rest_route=\/wp\/v2\/media\/1068"}],"wp:attachment":[{"href":"https:\/\/hbbkimya.com\/index.php?rest_route=%2Fwp%2Fv2%2Fmedia&parent=1067"}],"wp:term":[{"taxonomy":"product_brand","embeddable":true,"href":"https:\/\/hbbkimya.com\/index.php?rest_route=%2Fwp%2Fv2%2Fproduct_brand&post=1067"},{"taxonomy":"product_cat","embeddable":true,"href":"https:\/\/hbbkimya.com\/index.php?rest_route=%2Fwp%2Fv2%2Fproduct_cat&post=1067"},{"taxonomy":"product_tag","embeddable":true,"href":"https:\/\/hbbkimya.com\/index.php?rest_route=%2Fwp%2Fv2%2Fproduct_tag&post=1067"}],"curies":[{"name":"wp","href":"https:\/\/api.w.org\/{rel}","templated":true}]}}