{"id":1054,"date":"2025-01-15T17:54:28","date_gmt":"2025-01-15T14:54:28","guid":{"rendered":"https:\/\/hbbkimya.com\/?post_type=product&#038;p=1054"},"modified":"2026-04-12T15:46:37","modified_gmt":"2026-04-12T12:46:37","slug":"sut-butirometresi-0-8-tipalar-dahil","status":"publish","type":"product","link":"https:\/\/hbbkimya.com\/?product=sut-butirometresi-0-8-tipalar-dahil","title":{"rendered":"S\u00fct B\u00fctirometresi %0-8 (T\u0131palar Dahil)"},"content":{"rendered":"<p><a href=\"https:\/\/hbbkimya.com\/wp-content\/uploads\/2025\/01\/gerber-sut-butirometresi.webp\"><img loading=\"lazy\" decoding=\"async\" class=\"alignnone size-medium wp-image-1056\" src=\"https:\/\/hbbkimya.com\/wp-content\/uploads\/2025\/01\/gerber-sut-butirometresi-300x242.webp\" alt=\"\" width=\"300\" height=\"242\" srcset=\"https:\/\/hbbkimya.com\/wp-content\/uploads\/2025\/01\/gerber-sut-butirometresi-300x242.webp 300w, https:\/\/hbbkimya.com\/wp-content\/uploads\/2025\/01\/gerber-sut-butirometresi-600x484.webp 600w, https:\/\/hbbkimya.com\/wp-content\/uploads\/2025\/01\/gerber-sut-butirometresi.webp 744w\" sizes=\"auto, (max-width: 300px) 100vw, 300px\" \/><\/a><\/p>\n","protected":false},"excerpt":{"rendered":"<p data-start=\"41\" data-end=\"347\">S\u00fct ve s\u00fct \u00fcr\u00fcnlerinde ya\u011f tayini i\u00e7in \u00f6zel olarak tasarlanm\u0131\u015f ACHEM b\u00fctirometre, hassas \u00f6l\u00e7\u00fcm kapasitesi ve g\u00fcvenilir sonu\u00e7lar\u0131yla profesyonel kullan\u0131m i\u00e7in idealdir. %0\u20138 \u00f6l\u00e7\u00fcm aral\u0131\u011f\u0131 sayesinde s\u00fct, yo\u011furt ve benzeri \u00fcr\u00fcnlerde ya\u011f analizlerini do\u011fru ve tekrarlanabilir \u015fekilde ger\u00e7ekle\u015ftirmenizi sa\u011flar.<\/p>\n<p data-start=\"349\" data-end=\"370\"><strong data-start=\"349\" data-end=\"370\">\u00dcr\u00fcn \u00d6zellikleri:<\/strong><\/p>\n<ul data-start=\"371\" data-end=\"560\">\n<li data-section-id=\"1kkkfvo\" data-start=\"371\" data-end=\"387\">Marka: ACHEM<\/li>\n<li data-section-id=\"1pn0j35\" data-start=\"388\" data-end=\"413\">\u00d6l\u00e7\u00fcm aral\u0131\u011f\u0131: %0 \u2013 8<\/li>\n<li data-section-id=\"11fje59\" data-start=\"414\" data-end=\"448\">Hassas ve g\u00fcvenilir ya\u011f tayini<\/li>\n<li data-section-id=\"blndm0\" data-start=\"449\" data-end=\"486\">Dayan\u0131kl\u0131 ve uzun \u00f6m\u00fcrl\u00fc cam yap\u0131<\/li>\n<li data-section-id=\"1rsimdq\" data-start=\"487\" data-end=\"513\">Kolay okunabilir skala<\/li>\n<li data-section-id=\"daqdfz\" data-start=\"514\" data-end=\"560\">Laboratuvar ve end\u00fcstriyel kullan\u0131ma uygun<\/li>\n<\/ul>\n","protected":false},"featured_media":1056,"comment_status":"open","ping_status":"closed","template":"","meta":{"neve_meta_sidebar":"","neve_meta_container":"","neve_meta_enable_content_width":"off","neve_meta_content_width":100,"neve_meta_title_alignment":"","neve_meta_author_avatar":"","neve_post_elements_order":"","neve_meta_disable_header":"","neve_meta_disable_footer":"","neve_meta_disable_title":"","_themeisle_gutenberg_block_has_review":false},"product_brand":[],"product_cat":[37],"product_tag":[],"class_list":{"0":"post-1054","1":"product","2":"type-product","3":"status-publish","4":"has-post-thumbnail","6":"product_cat-cam","8":"first","9":"instock","10":"sale","11":"taxable","12":"shipping-taxable","13":"purchasable","14":"product-type-simple"},"_links":{"self":[{"href":"https:\/\/hbbkimya.com\/index.php?rest_route=\/wp\/v2\/product\/1054","targetHints":{"allow":["GET"]}}],"collection":[{"href":"https:\/\/hbbkimya.com\/index.php?rest_route=\/wp\/v2\/product"}],"about":[{"href":"https:\/\/hbbkimya.com\/index.php?rest_route=\/wp\/v2\/types\/product"}],"replies":[{"embeddable":true,"href":"https:\/\/hbbkimya.com\/index.php?rest_route=%2Fwp%2Fv2%2Fcomments&post=1054"}],"wp:featuredmedia":[{"embeddable":true,"href":"https:\/\/hbbkimya.com\/index.php?rest_route=\/wp\/v2\/media\/1056"}],"wp:attachment":[{"href":"https:\/\/hbbkimya.com\/index.php?rest_route=%2Fwp%2Fv2%2Fmedia&parent=1054"}],"wp:term":[{"taxonomy":"product_brand","embeddable":true,"href":"https:\/\/hbbkimya.com\/index.php?rest_route=%2Fwp%2Fv2%2Fproduct_brand&post=1054"},{"taxonomy":"product_cat","embeddable":true,"href":"https:\/\/hbbkimya.com\/index.php?rest_route=%2Fwp%2Fv2%2Fproduct_cat&post=1054"},{"taxonomy":"product_tag","embeddable":true,"href":"https:\/\/hbbkimya.com\/index.php?rest_route=%2Fwp%2Fv2%2Fproduct_tag&post=1054"}],"curies":[{"name":"wp","href":"https:\/\/api.w.org\/{rel}","templated":true}]}}