{"id":1052,"date":"2025-01-14T23:16:36","date_gmt":"2025-01-14T20:16:36","guid":{"rendered":"https:\/\/hbbkimya.com\/?post_type=product&#038;p=1052"},"modified":"2025-08-23T22:27:51","modified_gmt":"2025-08-23T19:27:51","slug":"sitrik-asit-monohidrat-food-grade-500-gr","status":"publish","type":"product","link":"https:\/\/hbbkimya.com\/?product=sitrik-asit-monohidrat-food-grade-500-gr","title":{"rendered":"Sitrik Asit Monohidrat Food Grade 500 gr"},"content":{"rendered":"<p><a href=\"https:\/\/hbbkimya.com\/wp-content\/uploads\/2025\/01\/sitrik-asit-1kg-scaled.jpeg\"><img loading=\"lazy\" decoding=\"async\" class=\"alignnone size-medium wp-image-1051\" src=\"https:\/\/hbbkimya.com\/wp-content\/uploads\/2025\/01\/sitrik-asit-1kg-225x300.jpeg\" alt=\"\" width=\"225\" height=\"300\" srcset=\"https:\/\/hbbkimya.com\/wp-content\/uploads\/2025\/01\/sitrik-asit-1kg-225x300.jpeg 225w, https:\/\/hbbkimya.com\/wp-content\/uploads\/2025\/01\/sitrik-asit-1kg-scaled-600x800.jpeg 600w, https:\/\/hbbkimya.com\/wp-content\/uploads\/2025\/01\/sitrik-asit-1kg-768x1024.jpeg 768w, https:\/\/hbbkimya.com\/wp-content\/uploads\/2025\/01\/sitrik-asit-1kg-1152x1536.jpeg 1152w, https:\/\/hbbkimya.com\/wp-content\/uploads\/2025\/01\/sitrik-asit-1kg-1536x2048.jpeg 1536w, https:\/\/hbbkimya.com\/wp-content\/uploads\/2025\/01\/sitrik-asit-1kg-scaled.jpeg 1920w\" sizes=\"auto, (max-width: 225px) 100vw, 225px\" \/><\/a><\/p>\n","protected":false},"excerpt":{"rendered":"<p>Meyve sular\u0131, gazl\u0131 i\u00e7ecekler ve konserve \u00fcr\u00fcnler gibi pek \u00e7ok g\u0131da \u00fcr\u00fcn\u00fcnde, lezzeti art\u0131rmak ve \u00fcr\u00fcn\u00fcn raf \u00f6mr\u00fcn\u00fc uzatmak i\u00e7in\u00a0sitrik asit\u00a0kullan\u0131l\u0131r. Ayr\u0131ca, g\u0131dalar\u0131n do\u011fal rengini koruyarak g\u00f6rsel \u00e7ekicili\u011fini art\u0131r\u0131r. Ev temizli\u011finde ise\u00a0sitrik asit\u00a0do\u011fal bir temizleyici ve deodorant g\u00f6revi g\u00f6rebilir..<\/p>\n","protected":false},"featured_media":1051,"comment_status":"open","ping_status":"closed","template":"","meta":{"neve_meta_sidebar":"","neve_meta_container":"","neve_meta_enable_content_width":"off","neve_meta_content_width":100,"neve_meta_title_alignment":"","neve_meta_author_avatar":"","neve_post_elements_order":"","neve_meta_disable_header":"","neve_meta_disable_footer":"","neve_meta_disable_title":"","_themeisle_gutenberg_block_has_review":false},"product_brand":[65],"product_cat":[44],"product_tag":[],"class_list":{"0":"post-1052","1":"product","2":"type-product","3":"status-publish","4":"has-post-thumbnail","6":"product_brand-hbbchem","7":"product_cat-toz-kati","9":"first","10":"instock","11":"taxable","12":"shipping-taxable","13":"purchasable","14":"product-type-simple"},"_links":{"self":[{"href":"https:\/\/hbbkimya.com\/index.php?rest_route=\/wp\/v2\/product\/1052","targetHints":{"allow":["GET"]}}],"collection":[{"href":"https:\/\/hbbkimya.com\/index.php?rest_route=\/wp\/v2\/product"}],"about":[{"href":"https:\/\/hbbkimya.com\/index.php?rest_route=\/wp\/v2\/types\/product"}],"replies":[{"embeddable":true,"href":"https:\/\/hbbkimya.com\/index.php?rest_route=%2Fwp%2Fv2%2Fcomments&post=1052"}],"wp:featuredmedia":[{"embeddable":true,"href":"https:\/\/hbbkimya.com\/index.php?rest_route=\/wp\/v2\/media\/1051"}],"wp:attachment":[{"href":"https:\/\/hbbkimya.com\/index.php?rest_route=%2Fwp%2Fv2%2Fmedia&parent=1052"}],"wp:term":[{"taxonomy":"product_brand","embeddable":true,"href":"https:\/\/hbbkimya.com\/index.php?rest_route=%2Fwp%2Fv2%2Fproduct_brand&post=1052"},{"taxonomy":"product_cat","embeddable":true,"href":"https:\/\/hbbkimya.com\/index.php?rest_route=%2Fwp%2Fv2%2Fproduct_cat&post=1052"},{"taxonomy":"product_tag","embeddable":true,"href":"https:\/\/hbbkimya.com\/index.php?rest_route=%2Fwp%2Fv2%2Fproduct_tag&post=1052"}],"curies":[{"name":"wp","href":"https:\/\/api.w.org\/{rel}","templated":true}]}}