{"id":1028,"date":"2025-01-14T21:11:55","date_gmt":"2025-01-14T18:11:55","guid":{"rendered":"https:\/\/hbbkimya.com\/?post_type=product&#038;p=1028"},"modified":"2025-08-23T22:13:37","modified_gmt":"2025-08-23T19:13:37","slug":"asetik-glyceregia-daglayici-500-ml","status":"publish","type":"product","link":"https:\/\/hbbkimya.com\/?product=asetik-glyceregia-daglayici-500-ml","title":{"rendered":"Asetik Glyceregia Da\u011flay\u0131c\u0131 500 ml"},"content":{"rendered":"<p><a href=\"https:\/\/hbbkimya.com\/wp-content\/uploads\/2025\/01\/acetic-glyce-scaled.jpeg\"><img loading=\"lazy\" decoding=\"async\" class=\"alignnone size-medium wp-image-1029\" src=\"https:\/\/hbbkimya.com\/wp-content\/uploads\/2025\/01\/acetic-glyce-225x300.jpeg\" alt=\"\" width=\"225\" height=\"300\" srcset=\"https:\/\/hbbkimya.com\/wp-content\/uploads\/2025\/01\/acetic-glyce-225x300.jpeg 225w, https:\/\/hbbkimya.com\/wp-content\/uploads\/2025\/01\/acetic-glyce-scaled-600x800.jpeg 600w, https:\/\/hbbkimya.com\/wp-content\/uploads\/2025\/01\/acetic-glyce-768x1024.jpeg 768w, https:\/\/hbbkimya.com\/wp-content\/uploads\/2025\/01\/acetic-glyce-1152x1536.jpeg 1152w, https:\/\/hbbkimya.com\/wp-content\/uploads\/2025\/01\/acetic-glyce-1536x2048.jpeg 1536w, https:\/\/hbbkimya.com\/wp-content\/uploads\/2025\/01\/acetic-glyce-scaled.jpeg 1920w\" sizes=\"auto, (max-width: 225px) 100vw, 225px\" \/><\/a><\/p>\n","protected":false},"excerpt":{"rendered":"<ul>\n<li>y\u00fcksek ala\u015f\u0131ml\u0131 \u00e7elikler, paslanmaz \u00e7elikler, Ni Mn ala\u015f\u0131mlar\u0131 i\u00e7in uygundur.<\/li>\n<li>500 ml lik ambalajdad\u0131r.<\/li>\n<\/ul>\n","protected":false},"featured_media":1029,"comment_status":"open","ping_status":"closed","template":"","meta":{"neve_meta_sidebar":"","neve_meta_container":"","neve_meta_enable_content_width":"off","neve_meta_content_width":100,"neve_meta_title_alignment":"","neve_meta_author_avatar":"","neve_post_elements_order":"","neve_meta_disable_header":"","neve_meta_disable_footer":"","neve_meta_disable_title":"","_themeisle_gutenberg_block_has_review":false},"product_brand":[65],"product_cat":[48],"product_tag":[],"class_list":{"0":"post-1028","1":"product","2":"type-product","3":"status-publish","4":"has-post-thumbnail","6":"product_brand-hbbchem","7":"product_cat-daglayicilar","9":"first","10":"instock","11":"taxable","12":"shipping-taxable","13":"purchasable","14":"product-type-simple"},"_links":{"self":[{"href":"https:\/\/hbbkimya.com\/index.php?rest_route=\/wp\/v2\/product\/1028","targetHints":{"allow":["GET"]}}],"collection":[{"href":"https:\/\/hbbkimya.com\/index.php?rest_route=\/wp\/v2\/product"}],"about":[{"href":"https:\/\/hbbkimya.com\/index.php?rest_route=\/wp\/v2\/types\/product"}],"replies":[{"embeddable":true,"href":"https:\/\/hbbkimya.com\/index.php?rest_route=%2Fwp%2Fv2%2Fcomments&post=1028"}],"wp:featuredmedia":[{"embeddable":true,"href":"https:\/\/hbbkimya.com\/index.php?rest_route=\/wp\/v2\/media\/1029"}],"wp:attachment":[{"href":"https:\/\/hbbkimya.com\/index.php?rest_route=%2Fwp%2Fv2%2Fmedia&parent=1028"}],"wp:term":[{"taxonomy":"product_brand","embeddable":true,"href":"https:\/\/hbbkimya.com\/index.php?rest_route=%2Fwp%2Fv2%2Fproduct_brand&post=1028"},{"taxonomy":"product_cat","embeddable":true,"href":"https:\/\/hbbkimya.com\/index.php?rest_route=%2Fwp%2Fv2%2Fproduct_cat&post=1028"},{"taxonomy":"product_tag","embeddable":true,"href":"https:\/\/hbbkimya.com\/index.php?rest_route=%2Fwp%2Fv2%2Fproduct_tag&post=1028"}],"curies":[{"name":"wp","href":"https:\/\/api.w.org\/{rel}","templated":true}]}}