{"id":1020,"date":"2025-01-14T21:03:35","date_gmt":"2025-01-14T18:03:35","guid":{"rendered":"https:\/\/hbbkimya.com\/?post_type=product&#038;p=1020"},"modified":"2025-08-23T22:13:38","modified_gmt":"2025-08-23T19:13:38","slug":"marbles-reaktifi-mermerin-reaktifi-500-ml","status":"publish","type":"product","link":"https:\/\/hbbkimya.com\/?product=marbles-reaktifi-mermerin-reaktifi-500-ml","title":{"rendered":"Marble&#8217;s Reaktifi (Mermerin Reaktifi) 500 ml"},"content":{"rendered":"<p><a href=\"https:\/\/hbbkimya.com\/wp-content\/uploads\/2025\/01\/marbles-500ml-scaled.jpeg\"><img loading=\"lazy\" decoding=\"async\" class=\"alignnone size-medium wp-image-1021\" src=\"https:\/\/hbbkimya.com\/wp-content\/uploads\/2025\/01\/marbles-500ml-225x300.jpeg\" alt=\"\" width=\"225\" height=\"300\" srcset=\"https:\/\/hbbkimya.com\/wp-content\/uploads\/2025\/01\/marbles-500ml-225x300.jpeg 225w, https:\/\/hbbkimya.com\/wp-content\/uploads\/2025\/01\/marbles-500ml-scaled-600x800.jpeg 600w, https:\/\/hbbkimya.com\/wp-content\/uploads\/2025\/01\/marbles-500ml-768x1024.jpeg 768w, https:\/\/hbbkimya.com\/wp-content\/uploads\/2025\/01\/marbles-500ml-1152x1536.jpeg 1152w, https:\/\/hbbkimya.com\/wp-content\/uploads\/2025\/01\/marbles-500ml-1536x2048.jpeg 1536w, https:\/\/hbbkimya.com\/wp-content\/uploads\/2025\/01\/marbles-500ml-scaled.jpeg 1920w\" sizes=\"auto, (max-width: 225px) 100vw, 225px\" \/><\/a><\/p>\n","protected":false},"excerpt":{"rendered":"<ul>\n<li>Esas olarak 300 serisi paslanmaz \u00e7elikler, nikel ve kobalt bazl\u0131 s\u00fcper ala\u015f\u0131mlar\u0131n mikro a\u015f\u0131nd\u0131r\u0131lmas\u0131 i\u00e7in kullan\u0131lan metalografik bir da\u011flay\u0131c\u0131d\u0131r.<\/li>\n<li>Bu da\u011flama, \u00f6stenitik taneleri koyula\u015ft\u0131r\u0131r, sigma fazlar\u0131na sald\u0131r\u0131r ve tah\u0131l ak\u0131\u015f\u0131n\u0131 ortaya \u00e7\u0131kar\u0131r. Bir yan not olarak, numune haz\u0131rlamadan kaynaklanan \u00e7izik izleri, bu reaktifle muamele edildi\u011finde belirgin hale gelir<\/li>\n<\/ul>\n","protected":false},"featured_media":1021,"comment_status":"open","ping_status":"closed","template":"","meta":{"neve_meta_sidebar":"","neve_meta_container":"","neve_meta_enable_content_width":"off","neve_meta_content_width":100,"neve_meta_title_alignment":"","neve_meta_author_avatar":"","neve_post_elements_order":"","neve_meta_disable_header":"","neve_meta_disable_footer":"","neve_meta_disable_title":"","_themeisle_gutenberg_block_has_review":false},"product_brand":[65],"product_cat":[48],"product_tag":[],"class_list":{"0":"post-1020","1":"product","2":"type-product","3":"status-publish","4":"has-post-thumbnail","6":"product_brand-hbbchem","7":"product_cat-daglayicilar","9":"first","10":"instock","11":"taxable","12":"shipping-taxable","13":"purchasable","14":"product-type-simple"},"_links":{"self":[{"href":"https:\/\/hbbkimya.com\/index.php?rest_route=\/wp\/v2\/product\/1020","targetHints":{"allow":["GET"]}}],"collection":[{"href":"https:\/\/hbbkimya.com\/index.php?rest_route=\/wp\/v2\/product"}],"about":[{"href":"https:\/\/hbbkimya.com\/index.php?rest_route=\/wp\/v2\/types\/product"}],"replies":[{"embeddable":true,"href":"https:\/\/hbbkimya.com\/index.php?rest_route=%2Fwp%2Fv2%2Fcomments&post=1020"}],"wp:featuredmedia":[{"embeddable":true,"href":"https:\/\/hbbkimya.com\/index.php?rest_route=\/wp\/v2\/media\/1021"}],"wp:attachment":[{"href":"https:\/\/hbbkimya.com\/index.php?rest_route=%2Fwp%2Fv2%2Fmedia&parent=1020"}],"wp:term":[{"taxonomy":"product_brand","embeddable":true,"href":"https:\/\/hbbkimya.com\/index.php?rest_route=%2Fwp%2Fv2%2Fproduct_brand&post=1020"},{"taxonomy":"product_cat","embeddable":true,"href":"https:\/\/hbbkimya.com\/index.php?rest_route=%2Fwp%2Fv2%2Fproduct_cat&post=1020"},{"taxonomy":"product_tag","embeddable":true,"href":"https:\/\/hbbkimya.com\/index.php?rest_route=%2Fwp%2Fv2%2Fproduct_tag&post=1020"}],"curies":[{"name":"wp","href":"https:\/\/api.w.org\/{rel}","templated":true}]}}