{"id":1010,"date":"2025-01-10T12:44:02","date_gmt":"2025-01-10T09:44:02","guid":{"rendered":"https:\/\/hbbkimya.com\/?post_type=product&#038;p=1010"},"modified":"2026-04-12T20:42:58","modified_gmt":"2026-04-12T17:42:58","slug":"merck-109884-buffer-ph-4-titrisol","status":"publish","type":"product","link":"https:\/\/hbbkimya.com\/?product=merck-109884-buffer-ph-4-titrisol","title":{"rendered":"Merck 109884 Tampon \u00c7\u00f6zeltisi pH:4.0 Buffer Concentrate 1amp"},"content":{"rendered":"<p><a href=\"https:\/\/hbbkimya.com\/wp-content\/uploads\/2025\/01\/109884-0001-tampon-konsantre-1-amp-buffer-concentrate-for-500-ml-buffer-solution-traceable-to-srm-titrisol-merck-1.webp\"><img loading=\"lazy\" decoding=\"async\" class=\"alignnone size-medium wp-image-1924\" src=\"https:\/\/hbbkimya.com\/wp-content\/uploads\/2025\/01\/109884-0001-tampon-konsantre-1-amp-buffer-concentrate-for-500-ml-buffer-solution-traceable-to-srm-titrisol-merck-1-300x300.webp\" alt=\"\" width=\"300\" height=\"300\" srcset=\"https:\/\/hbbkimya.com\/wp-content\/uploads\/2025\/01\/109884-0001-tampon-konsantre-1-amp-buffer-concentrate-for-500-ml-buffer-solution-traceable-to-srm-titrisol-merck-1-300x300.webp 300w, https:\/\/hbbkimya.com\/wp-content\/uploads\/2025\/01\/109884-0001-tampon-konsantre-1-amp-buffer-concentrate-for-500-ml-buffer-solution-traceable-to-srm-titrisol-merck-1-100x100.webp 100w, https:\/\/hbbkimya.com\/wp-content\/uploads\/2025\/01\/109884-0001-tampon-konsantre-1-amp-buffer-concentrate-for-500-ml-buffer-solution-traceable-to-srm-titrisol-merck-1-600x600.webp 600w, https:\/\/hbbkimya.com\/wp-content\/uploads\/2025\/01\/109884-0001-tampon-konsantre-1-amp-buffer-concentrate-for-500-ml-buffer-solution-traceable-to-srm-titrisol-merck-1-150x150.webp 150w, https:\/\/hbbkimya.com\/wp-content\/uploads\/2025\/01\/109884-0001-tampon-konsantre-1-amp-buffer-concentrate-for-500-ml-buffer-solution-traceable-to-srm-titrisol-merck-1-768x768.webp 768w, https:\/\/hbbkimya.com\/wp-content\/uploads\/2025\/01\/109884-0001-tampon-konsantre-1-amp-buffer-concentrate-for-500-ml-buffer-solution-traceable-to-srm-titrisol-merck-1.webp 800w\" sizes=\"auto, (max-width: 300px) 100vw, 300px\" \/><\/a><\/p>\n","protected":false},"excerpt":{"rendered":"<ul>\n<li>Merck 109884.0001 Kodlu \u00fcr\u00fcn\u00fcd\u00fcr.<\/li>\n<li>Buffer concentrate for 500 ml buffer solution, pH 4.00<\/li>\n<li>\u00dcr\u00fcn i\u00e7eri\u011fi 109884.0001 kodlu 1 adet ampuld\u00fcr.<\/li>\n<\/ul>\n","protected":false},"featured_media":1924,"comment_status":"open","ping_status":"closed","template":"","meta":{"neve_meta_sidebar":"","neve_meta_container":"","neve_meta_enable_content_width":"off","neve_meta_content_width":100,"neve_meta_title_alignment":"","neve_meta_author_avatar":"","neve_post_elements_order":"","neve_meta_disable_header":"","neve_meta_disable_footer":"","neve_meta_disable_title":"","_themeisle_gutenberg_block_has_review":false},"product_brand":[67],"product_cat":[41,62],"product_tag":[],"class_list":{"0":"post-1010","1":"product","2":"type-product","3":"status-publish","4":"has-post-thumbnail","6":"product_brand-merck","7":"product_cat-merck","8":"product_cat-tampon-cozeltiler","10":"first","11":"instock","12":"taxable","13":"shipping-taxable","14":"purchasable","15":"product-type-simple"},"_links":{"self":[{"href":"https:\/\/hbbkimya.com\/index.php?rest_route=\/wp\/v2\/product\/1010","targetHints":{"allow":["GET"]}}],"collection":[{"href":"https:\/\/hbbkimya.com\/index.php?rest_route=\/wp\/v2\/product"}],"about":[{"href":"https:\/\/hbbkimya.com\/index.php?rest_route=\/wp\/v2\/types\/product"}],"replies":[{"embeddable":true,"href":"https:\/\/hbbkimya.com\/index.php?rest_route=%2Fwp%2Fv2%2Fcomments&post=1010"}],"wp:featuredmedia":[{"embeddable":true,"href":"https:\/\/hbbkimya.com\/index.php?rest_route=\/wp\/v2\/media\/1924"}],"wp:attachment":[{"href":"https:\/\/hbbkimya.com\/index.php?rest_route=%2Fwp%2Fv2%2Fmedia&parent=1010"}],"wp:term":[{"taxonomy":"product_brand","embeddable":true,"href":"https:\/\/hbbkimya.com\/index.php?rest_route=%2Fwp%2Fv2%2Fproduct_brand&post=1010"},{"taxonomy":"product_cat","embeddable":true,"href":"https:\/\/hbbkimya.com\/index.php?rest_route=%2Fwp%2Fv2%2Fproduct_cat&post=1010"},{"taxonomy":"product_tag","embeddable":true,"href":"https:\/\/hbbkimya.com\/index.php?rest_route=%2Fwp%2Fv2%2Fproduct_tag&post=1010"}],"curies":[{"name":"wp","href":"https:\/\/api.w.org\/{rel}","templated":true}]}}