{"id":1004,"date":"2025-01-09T21:07:29","date_gmt":"2025-01-09T18:07:29","guid":{"rendered":"https:\/\/hbbkimya.com\/?post_type=product&#038;p=1004"},"modified":"2025-08-23T22:16:16","modified_gmt":"2025-08-23T19:16:16","slug":"metilen-klorur-diklormetan-chem-pure-250-gr","status":"publish","type":"product","link":"https:\/\/hbbkimya.com\/?product=metilen-klorur-diklormetan-chem-pure-250-gr","title":{"rendered":"Metilen Klor\u00fcr (Diklormetan) Chem Pure 250 gr"},"content":{"rendered":"<p><a href=\"https:\/\/hbbkimya.com\/wp-content\/uploads\/2025\/01\/metilenklorur5lt-scaled.jpeg\"><img loading=\"lazy\" decoding=\"async\" class=\"alignnone size-medium wp-image-1001\" src=\"https:\/\/hbbkimya.com\/wp-content\/uploads\/2025\/01\/metilenklorur5lt-225x300.jpeg\" alt=\"\" width=\"225\" height=\"300\" srcset=\"https:\/\/hbbkimya.com\/wp-content\/uploads\/2025\/01\/metilenklorur5lt-225x300.jpeg 225w, https:\/\/hbbkimya.com\/wp-content\/uploads\/2025\/01\/metilenklorur5lt-scaled-600x800.jpeg 600w, https:\/\/hbbkimya.com\/wp-content\/uploads\/2025\/01\/metilenklorur5lt-768x1024.jpeg 768w, https:\/\/hbbkimya.com\/wp-content\/uploads\/2025\/01\/metilenklorur5lt-1152x1536.jpeg 1152w, https:\/\/hbbkimya.com\/wp-content\/uploads\/2025\/01\/metilenklorur5lt-1536x2048.jpeg 1536w, https:\/\/hbbkimya.com\/wp-content\/uploads\/2025\/01\/metilenklorur5lt-scaled.jpeg 1920w\" sizes=\"auto, (max-width: 225px) 100vw, 225px\" \/><\/a><\/p>\n","protected":false},"excerpt":{"rendered":"<ul>\n<li>Form\u00fcl\u00a0:\u00a0\u00a0CH\u00a02\u00a0Cl\u00a02\u00a0\u00a0Yo\u011funluk\u00a0:\u00a0\u00a01,33\u00a0g\/cm\u00b3\u00a0\u00a0CAS numaras\u0131\u00a0:\u00a0\u00a075-09-2\u00a0\u00a0\u00a0Molar k\u00fctle\u00a0:\u00a0\u00a084,93\u00a0g\/mol<\/li>\n<li>DCM, belirli plastikleri kimyasal olarak kaynat\u0131r. \u00d6rne\u011fin, elektrik saya\u00e7lar\u0131n\u0131n kasas\u0131n\u0131 kapatmak i\u00e7in kullan\u0131l\u0131r. Genellikle plastik kaynak yap\u0131\u015ft\u0131r\u0131c\u0131lar\u0131n\u0131n ana bile\u015feni olarak sat\u0131l\u0131r, ayr\u0131ca model olu\u015fturma merakl\u0131lar\u0131 taraf\u0131ndan plastik bile\u015fenleri birle\u015ftirmek i\u00e7in yayg\u0131n olarak kullan\u0131l\u0131r.<\/li>\n<li>Genellikle &#8220;Di-clo&#8221; olarak adland\u0131r\u0131l\u0131r. Giysi bask\u0131 end\u00fcstrisinde \u0131s\u0131yla yap\u0131\u015ft\u0131r\u0131lan giysi transferlerinin \u00e7\u0131kar\u0131lmas\u0131 i\u00e7in kullan\u0131l\u0131r.<\/li>\n<li>Laboratuvarda analiz maksatl\u0131 kullan\u0131lmaktad\u0131r.<\/li>\n<\/ul>\n","protected":false},"featured_media":1001,"comment_status":"open","ping_status":"closed","template":"","meta":{"neve_meta_sidebar":"","neve_meta_container":"","neve_meta_enable_content_width":"off","neve_meta_content_width":100,"neve_meta_title_alignment":"","neve_meta_author_avatar":"","neve_post_elements_order":"","neve_meta_disable_header":"","neve_meta_disable_footer":"","neve_meta_disable_title":"","_themeisle_gutenberg_block_has_review":false},"product_brand":[65],"product_cat":[45],"product_tag":[],"class_list":{"0":"post-1004","1":"product","2":"type-product","3":"status-publish","4":"has-post-thumbnail","6":"product_brand-hbbchem","7":"product_cat-sivi-kimyasallar","9":"first","10":"instock","11":"taxable","12":"shipping-taxable","13":"purchasable","14":"product-type-simple"},"_links":{"self":[{"href":"https:\/\/hbbkimya.com\/index.php?rest_route=\/wp\/v2\/product\/1004","targetHints":{"allow":["GET"]}}],"collection":[{"href":"https:\/\/hbbkimya.com\/index.php?rest_route=\/wp\/v2\/product"}],"about":[{"href":"https:\/\/hbbkimya.com\/index.php?rest_route=\/wp\/v2\/types\/product"}],"replies":[{"embeddable":true,"href":"https:\/\/hbbkimya.com\/index.php?rest_route=%2Fwp%2Fv2%2Fcomments&post=1004"}],"wp:featuredmedia":[{"embeddable":true,"href":"https:\/\/hbbkimya.com\/index.php?rest_route=\/wp\/v2\/media\/1001"}],"wp:attachment":[{"href":"https:\/\/hbbkimya.com\/index.php?rest_route=%2Fwp%2Fv2%2Fmedia&parent=1004"}],"wp:term":[{"taxonomy":"product_brand","embeddable":true,"href":"https:\/\/hbbkimya.com\/index.php?rest_route=%2Fwp%2Fv2%2Fproduct_brand&post=1004"},{"taxonomy":"product_cat","embeddable":true,"href":"https:\/\/hbbkimya.com\/index.php?rest_route=%2Fwp%2Fv2%2Fproduct_cat&post=1004"},{"taxonomy":"product_tag","embeddable":true,"href":"https:\/\/hbbkimya.com\/index.php?rest_route=%2Fwp%2Fv2%2Fproduct_tag&post=1004"}],"curies":[{"name":"wp","href":"https:\/\/api.w.org\/{rel}","templated":true}]}}