{"id":95,"date":"2020-05-17T18:59:16","date_gmt":"2020-05-17T18:59:16","guid":{"rendered":"https:\/\/demosites.io\/yoga-studio-gb\/?page_id=95"},"modified":"2025-05-01T19:17:07","modified_gmt":"2025-05-01T16:17:07","slug":"84647-about","status":"publish","type":"page","link":"https:\/\/hbbkimya.com\/?page_id=95","title":{"rendered":"HAKKIMIZDA"},"content":{"rendered":"\n<h1 class=\"wp-block-heading has-text-align-center o-typing-delay-500ms\"><strong>HAKKIMIZDA<\/strong><\/h1>\n\n\n\n<div id=\"wp-block-themeisle-blocks-advanced-columns-e9cd1f42\" class=\"wp-block-themeisle-blocks-advanced-columns alignfull has-2-columns has-desktop-oneTwo-layout has-tablet-equal-layout has-mobile-collapsedRows-layout has-vertical-center has-light-bg\"><div class=\"wp-block-themeisle-blocks-advanced-columns-overlay\"><\/div><div class=\"innerblocks-wrap\">\n<div id=\"wp-block-themeisle-blocks-advanced-column-58ba5715\" class=\"wp-block-themeisle-blocks-advanced-column\">\n<figure class=\"wp-block-image size-large\"><img loading=\"lazy\" decoding=\"async\" width=\"731\" height=\"1024\" src=\"https:\/\/hbbkimya.com\/wp-content\/uploads\/2024\/11\/pexels-rethaferguson-3825379-731x1024.jpg\" alt=\"\" class=\"wp-image-577\" srcset=\"https:\/\/hbbkimya.com\/wp-content\/uploads\/2024\/11\/pexels-rethaferguson-3825379-731x1024.jpg 731w, https:\/\/hbbkimya.com\/wp-content\/uploads\/2024\/11\/pexels-rethaferguson-3825379-scaled-600x840.jpg 600w, https:\/\/hbbkimya.com\/wp-content\/uploads\/2024\/11\/pexels-rethaferguson-3825379-214x300.jpg 214w, https:\/\/hbbkimya.com\/wp-content\/uploads\/2024\/11\/pexels-rethaferguson-3825379-768x1075.jpg 768w, https:\/\/hbbkimya.com\/wp-content\/uploads\/2024\/11\/pexels-rethaferguson-3825379-1097x1536.jpg 1097w, https:\/\/hbbkimya.com\/wp-content\/uploads\/2024\/11\/pexels-rethaferguson-3825379-1463x2048.jpg 1463w, https:\/\/hbbkimya.com\/wp-content\/uploads\/2024\/11\/pexels-rethaferguson-3825379-scaled.jpg 1828w\" sizes=\"auto, (max-width: 731px) 100vw, 731px\" \/><\/figure>\n<\/div>\n\n\n\n<div id=\"wp-block-themeisle-blocks-advanced-column-0b871236\" class=\"wp-block-themeisle-blocks-advanced-column\">\n<h4 class=\"wp-block-heading has-neve-button-color-color has-text-color\"><\/h4>\n\n\n\n<h2 class=\"wp-block-heading\">HBBCHEM<\/h2>\n\n\n\n<p>HBB Laboratuvar Kimya olarak, kimya sekt\u00f6r\u00fcnde g\u00fcvenilir \u00e7\u00f6z\u00fcmler sunmak ve m\u00fc\u015fteri odakl\u0131 hizmet anlay\u0131\u015f\u0131m\u0131zla fark yaratmak amac\u0131yla yola \u00e7\u0131kt\u0131k. Kurulu\u015fumuzdan itibaren kalite, s\u00fcrd\u00fcr\u00fclebilirlik ve yenilik\u00e7ilik prensiplerine ba\u011fl\u0131 kalarak, geni\u015f bir \u00fcr\u00fcn yelpazesiyle sanayiye de\u011fer katmay\u0131 hedefliyoruz. Kimya sekt\u00f6r\u00fcndeki bilgi birikimimiz ve uzman ekibimiz sayesinde, m\u00fc\u015fterilerimize g\u00fcvenilir, \u00e7evre dostu ve y\u00fcksek standartlarda \u00e7\u00f6z\u00fcmler sunuyoruz. Hedefimiz, m\u00fc\u015fterilerimizin ba\u015far\u0131s\u0131na katk\u0131da bulunarak sekt\u00f6rde kal\u0131c\u0131 bir etki b\u0131rakmak ve kimya alan\u0131nda s\u00fcrekli geli\u015fimi desteklemektir.<\/p>\n\n\n\n<p>Deneyim;<\/p>\n\n\n\n<p><strong>Kalite ve G\u00fcvenilirlik: <\/strong>Y\u00fcksek kalite standartlar\u0131na sahip \u00fcr\u00fcnler ve hizmetler sunarak m\u00fc\u015fterilerine g\u00fcven verir.<\/p>\n\n\n\n<p><strong>Kimyasal \u00dcr\u00fcn Geli\u015ftirme:<\/strong> HBBCHEM, yenilik\u00e7i kimyasal \u00fcr\u00fcnler ve \u00e7\u00f6z\u00fcmler geli\u015ftirerek sekt\u00f6r\u00fcn ihtiya\u00e7lar\u0131na cevap verir.<\/p>\n\n\n\n<p><strong>End\u00fcstriyel \u00c7\u00f6z\u00fcmler:<\/strong> \u00c7e\u015fitli sanayi dallar\u0131na y\u00f6nelik \u00f6zel \u00e7\u00f6z\u00fcmler sunarak sekt\u00f6rde de\u011fer yarat\u0131r.<\/p>\n\n\n\n<div class=\"wp-block-buttons is-layout-flex wp-block-buttons-is-layout-flex\"><\/div>\n<\/div>\n<\/div><\/div>\n\n\n\n<p><\/p>\n","protected":false},"excerpt":{"rendered":"<p>HAKKIMIZDA<\/p>\n","protected":false},"author":1,"featured_media":0,"parent":0,"menu_order":0,"comment_status":"closed","ping_status":"closed","template":"page-templates\/template-pagebuilder-full-width.php","meta":{"neve_meta_sidebar":"full-width","neve_meta_container":"","neve_meta_enable_content_width":"on","neve_meta_content_width":100,"neve_meta_title_alignment":"","neve_meta_author_avatar":"","neve_post_elements_order":"","neve_meta_disable_header":"","neve_meta_disable_footer":"","neve_meta_disable_title":"on","_themeisle_gutenberg_block_has_review":false,"footnotes":""},"class_list":["post-95","page","type-page","status-publish","hentry"],"_links":{"self":[{"href":"https:\/\/hbbkimya.com\/index.php?rest_route=\/wp\/v2\/pages\/95","targetHints":{"allow":["GET"]}}],"collection":[{"href":"https:\/\/hbbkimya.com\/index.php?rest_route=\/wp\/v2\/pages"}],"about":[{"href":"https:\/\/hbbkimya.com\/index.php?rest_route=\/wp\/v2\/types\/page"}],"author":[{"embeddable":true,"href":"https:\/\/hbbkimya.com\/index.php?rest_route=\/wp\/v2\/users\/1"}],"replies":[{"embeddable":true,"href":"https:\/\/hbbkimya.com\/index.php?rest_route=%2Fwp%2Fv2%2Fcomments&post=95"}],"version-history":[{"count":16,"href":"https:\/\/hbbkimya.com\/index.php?rest_route=\/wp\/v2\/pages\/95\/revisions"}],"predecessor-version":[{"id":1536,"href":"https:\/\/hbbkimya.com\/index.php?rest_route=\/wp\/v2\/pages\/95\/revisions\/1536"}],"wp:attachment":[{"href":"https:\/\/hbbkimya.com\/index.php?rest_route=%2Fwp%2Fv2%2Fmedia&parent=95"}],"curies":[{"name":"wp","href":"https:\/\/api.w.org\/{rel}","templated":true}]}}