{"id":619,"date":"2024-11-24T21:44:54","date_gmt":"2024-11-24T18:44:54","guid":{"rendered":"https:\/\/hbbkimya.com\/?page_id=619"},"modified":"2024-11-24T22:30:43","modified_gmt":"2024-11-24T19:30:43","slug":"banka-hesap-bilgileri","status":"publish","type":"page","link":"https:\/\/hbbkimya.com\/?page_id=619","title":{"rendered":"Banka Hesap Bilgileri"},"content":{"rendered":"\n<p>HBB LABORATUVAR K\u0130MYA \u0130\u00c7 VE DI\u015e T\u0130C. LTD. \u015eT\u0130.<br>YEN\u0130 MAHALLE MH. 8200 SOKAK NO:30\/A \u00c7\u0130\u011eL\u0130 \u0130ZM\u0130R<br>TELEFON: 0553 148 7260<\/p>\n\n\n\n<p>GARANT\u0130 BANKASI<br>\u015eUBE KODU : 1040<br>HESAP NO: 6295772<br>IBAN: TR 86 0006 2001 0400 0006 2957 72<\/p>\n","protected":false},"excerpt":{"rendered":"<p>HBB LABORATUVAR K\u0130MYA \u0130\u00c7 VE DI\u015e T\u0130C. LTD. \u015eT\u0130.YEN\u0130 MAHALLE MH. 8200 SOKAK NO:30\/A \u00c7\u0130\u011eL\u0130 \u0130ZM\u0130RTELEFON: 0553 148 7260 GARANT\u0130 BANKASI\u015eUBE KODU : 1040HESAP NO: 6295772IBAN: TR 86 0006 2001 0400 0006 2957 72<\/p>\n","protected":false},"author":1,"featured_media":0,"parent":0,"menu_order":0,"comment_status":"closed","ping_status":"closed","template":"","meta":{"neve_meta_sidebar":"","neve_meta_container":"","neve_meta_enable_content_width":"","neve_meta_content_width":0,"neve_meta_title_alignment":"","neve_meta_author_avatar":"","neve_post_elements_order":"","neve_meta_disable_header":"","neve_meta_disable_footer":"","neve_meta_disable_title":"","_themeisle_gutenberg_block_has_review":false,"footnotes":""},"class_list":["post-619","page","type-page","status-publish","hentry"],"_links":{"self":[{"href":"https:\/\/hbbkimya.com\/index.php?rest_route=\/wp\/v2\/pages\/619","targetHints":{"allow":["GET"]}}],"collection":[{"href":"https:\/\/hbbkimya.com\/index.php?rest_route=\/wp\/v2\/pages"}],"about":[{"href":"https:\/\/hbbkimya.com\/index.php?rest_route=\/wp\/v2\/types\/page"}],"author":[{"embeddable":true,"href":"https:\/\/hbbkimya.com\/index.php?rest_route=\/wp\/v2\/users\/1"}],"replies":[{"embeddable":true,"href":"https:\/\/hbbkimya.com\/index.php?rest_route=%2Fwp%2Fv2%2Fcomments&post=619"}],"version-history":[{"count":2,"href":"https:\/\/hbbkimya.com\/index.php?rest_route=\/wp\/v2\/pages\/619\/revisions"}],"predecessor-version":[{"id":649,"href":"https:\/\/hbbkimya.com\/index.php?rest_route=\/wp\/v2\/pages\/619\/revisions\/649"}],"wp:attachment":[{"href":"https:\/\/hbbkimya.com\/index.php?rest_route=%2Fwp%2Fv2%2Fmedia&parent=619"}],"curies":[{"name":"wp","href":"https:\/\/api.w.org\/{rel}","templated":true}]}}