{"id":611,"date":"2024-11-24T21:43:19","date_gmt":"2024-11-24T18:43:19","guid":{"rendered":"https:\/\/hbbkimya.com\/?page_id=611"},"modified":"2024-11-24T22:28:29","modified_gmt":"2024-11-24T19:28:29","slug":"gizlilik-ve-guvenlik","status":"publish","type":"page","link":"https:\/\/hbbkimya.com\/?page_id=611","title":{"rendered":"Gizlilik ve G\u00fcvenlik"},"content":{"rendered":"\n<p>hbbkimya.com\u00a0\u00fcye ve m\u00fc\u015fterilerinin e-posta adreslerini ve di\u011fer ki\u015fisel bilgileri hi\u00e7bir isim alt\u0131nda, hi\u00e7bir nedenle ve hi\u00e7bir muhatap nezdinde a\u00e7\u0131klamaz, satmaz, payla\u015fmaz ve k\u00f6t\u00fcye kullanmaz.<\/p>\n\n\n\n<p>\u2028\u2028hbbkimya.com, g\u00fcvenli\u011finiz i\u00e7in kredi kart\u0131 bilgilerinizi hi\u00e7bir \u015fekilde saklamaz ve dolay\u0131s\u0131yla bu t\u00fcr bilgileri \u00fcyelik bilgileri \u00e7er\u00e7evesinde sormaz, istemez. Al\u0131\u015fveri\u015f esnas\u0131nda\u00a0hbbkimya.com \u00e7al\u0131\u015fanlar\u0131 dahil hi\u00e7 kimse Kredi Kart\u0131 bilgilerinizi g\u00f6remez, Kredi Kart\u0131 bilgileriniz ilgili Bankalara en y\u00fcksek g\u00fcvenlik standartlari cercevesinde ikili baglantilarla iletilir.<\/p>\n\n\n\n<p>\u2028\u2028Sitemizde al\u0131\u015fveri\u015f sepetinizin takibi ve ayn\u0131 reklamlar\u0131n ard arda g\u00f6r\u00fclmesinin engellenmesi i\u00e7in IP adresinizden ve Cookie&#8217;lerden yararlan\u0131lmaktad\u0131r. Cookie&#8217;lerden size ilgi alanlar\u0131n\u0131z do\u011frultusunda i\u00e7erik sunulmas\u0131 ve tekrar tekrar \u015fifre girmemeniz i\u00e7in \u015fifrenizin saklanmas\u0131 gibi konularda yararlan\u0131lmaktad\u0131r.<\/p>\n\n\n\n<p>\u2028\u2028\u00dcye ve ziyaret\u00e7ilerin site ile ilgili taraf\u0131m\u0131za ula\u015ft\u0131rd\u0131klar\u0131 her t\u00fcrl\u00fc istek, \u00f6neri ve sorular\u0131 i\u00e7eren bilgiler site performans\u0131n\u0131 \u00f6l\u00e7mek a\u00e7\u0131s\u0131ndan saklanmaktad\u0131r. Bu bilgiler ki\u015filerin kendilerine yan\u0131t vermek d\u0131\u015f\u0131nda herhangi bir ama\u00e7 i\u00e7in kullan\u0131lamaz\u2028\u2028hbbkimya.com dan\u00a0yay\u0131nlanan hi\u00e7bir yaz\u0131 veya grafik \u00fc\u00e7\u00fcnc\u00fc ki\u015filer taraf\u0131ndan izinsiz kullan\u0131lamaz. <\/p>\n\n\n\n<p>Bu sitede yer alan i\u00e7erik materyali ya da fonksiyonalite, ba\u015fka mecralarda yay\u0131nlanamaz,\u00a0hbbkimya.com\u00a0 izni olmadan internet sitelerine link verilemez.<\/p>\n","protected":false},"excerpt":{"rendered":"<p>hbbkimya.com\u00a0\u00fcye ve m\u00fc\u015fterilerinin e-posta adreslerini ve di\u011fer ki\u015fisel bilgileri hi\u00e7bir isim alt\u0131nda, hi\u00e7bir nedenle ve hi\u00e7bir muhatap nezdinde a\u00e7\u0131klamaz, satmaz, payla\u015fmaz ve k\u00f6t\u00fcye kullanmaz. \u2028\u2028hbbkimya.com, g\u00fcvenli\u011finiz i\u00e7in kredi kart\u0131 bilgilerinizi hi\u00e7bir \u015fekilde saklamaz ve dolay\u0131s\u0131yla bu t\u00fcr bilgileri \u00fcyelik bilgileri \u00e7er\u00e7evesinde sormaz, istemez. Al\u0131\u015fveri\u015f esnas\u0131nda\u00a0hbbkimya.com \u00e7al\u0131\u015fanlar\u0131 dahil hi\u00e7 kimse Kredi Kart\u0131 bilgilerinizi g\u00f6remez, Kredi Kart\u0131&hellip;&nbsp;<a href=\"https:\/\/hbbkimya.com\/?page_id=611\" rel=\"bookmark\">Daha fazlas\u0131n\u0131 oku &raquo;<span class=\"screen-reader-text\">Gizlilik ve G\u00fcvenlik<\/span><\/a><\/p>\n","protected":false},"author":1,"featured_media":0,"parent":0,"menu_order":0,"comment_status":"closed","ping_status":"closed","template":"","meta":{"neve_meta_sidebar":"","neve_meta_container":"","neve_meta_enable_content_width":"","neve_meta_content_width":0,"neve_meta_title_alignment":"","neve_meta_author_avatar":"","neve_post_elements_order":"","neve_meta_disable_header":"","neve_meta_disable_footer":"","neve_meta_disable_title":"","_themeisle_gutenberg_block_has_review":false,"footnotes":""},"class_list":["post-611","page","type-page","status-publish","hentry"],"_links":{"self":[{"href":"https:\/\/hbbkimya.com\/index.php?rest_route=\/wp\/v2\/pages\/611","targetHints":{"allow":["GET"]}}],"collection":[{"href":"https:\/\/hbbkimya.com\/index.php?rest_route=\/wp\/v2\/pages"}],"about":[{"href":"https:\/\/hbbkimya.com\/index.php?rest_route=\/wp\/v2\/types\/page"}],"author":[{"embeddable":true,"href":"https:\/\/hbbkimya.com\/index.php?rest_route=\/wp\/v2\/users\/1"}],"replies":[{"embeddable":true,"href":"https:\/\/hbbkimya.com\/index.php?rest_route=%2Fwp%2Fv2%2Fcomments&post=611"}],"version-history":[{"count":2,"href":"https:\/\/hbbkimya.com\/index.php?rest_route=\/wp\/v2\/pages\/611\/revisions"}],"predecessor-version":[{"id":648,"href":"https:\/\/hbbkimya.com\/index.php?rest_route=\/wp\/v2\/pages\/611\/revisions\/648"}],"wp:attachment":[{"href":"https:\/\/hbbkimya.com\/index.php?rest_route=%2Fwp%2Fv2%2Fmedia&parent=611"}],"curies":[{"name":"wp","href":"https:\/\/api.w.org\/{rel}","templated":true}]}}