{"id":609,"date":"2024-11-24T21:42:55","date_gmt":"2024-11-24T18:42:55","guid":{"rendered":"https:\/\/hbbkimya.com\/?page_id=609"},"modified":"2025-04-18T16:25:07","modified_gmt":"2025-04-18T13:25:07","slug":"mesafeli-satis-sozlesmesi","status":"publish","type":"page","link":"https:\/\/hbbkimya.com\/?page_id=609","title":{"rendered":"Mesafeli Sat\u0131\u015f S\u00f6zle\u015fmesi"},"content":{"rendered":"\n<p><strong>hbbkimya.com \u00a0Uzak Mesafeli Sat\u0131\u015f S\u00f6zle\u015fmesi\u00a0<\/strong><\/p>\n\n\n\n<p>MADDE 1 &#8211; KONU &nbsp; &nbsp;:<\/p>\n\n\n\n<p>I\u015fbu s\u00f6zle\u015fmenin konusu, SATICI&#8217;n\u0131n, ALICI&#8217;ya sat\u0131\u015f\u0131n\u0131 yapt\u0131g\u0131, a\u015fag\u0131da nitelikleri ve sat\u0131\u015f fiyat\u0131 belirtilen \u00fcr\u00fcn\u00fcn sat\u0131\u015f\u0131 ve teslimi ile ilgili olarak 4077 say\u0131l\u0131 T\u00fcketicilerin Korunmas\u0131 Hakk\u0131ndaki Kanun-Mesafeli S\u00f6zle\u015fmeleri Uygulama Esas ve Usulleri Hakk\u0131nda Y\u00f6netmelik h\u00fck\u00fcmleri gere\u011fince taraflar\u0131n hak ve y\u00fck\u00fcml\u00fcl\u00fcklerinin kapsamaktad\u0131r.<\/p>\n\n\n\n<p>MADDE 2 &#8211; SATICI B\u0130LG\u0130LER\u0130 &nbsp; &nbsp;:<\/p>\n\n\n\n<p>&nbsp;Ad\/Soyad\/\u00dcnvan: HBB LABORATUVAR K\u0130MYA \u0130\u00c7 ve DI\u015e T\u0130C. LTD. \u015eT\u0130. \/ hbbkimya.com<\/p>\n\n\n\n<p> Adresi \u00a0 \u00a0 \u00a0: Yeni Mahalle Mah. 8200 sokak No:30\/A \u00c7i\u011fli \u0130ZM\u0130R<\/p>\n\n\n\n<p>\u00a0 Telefon\u00a0 \u00a0 \u00a0: 0553148760<\/p>\n\n\n\n<p>\u00a0 Email \u00a0 \u00a0 \u00a0 : info@hbbkimya.com<\/p>\n\n\n\n<p>* T\u00fcketicimiz t\u00fcm talep ve \u015fik\u00e2yetlerini yukar\u0131da bilgileri a\u00e7\u0131klanan kuruma iletecektir.<\/p>\n\n\n\n<p>MADDE 3 &#8211; ALICI B\u0130LG\u0130LER\u0130 &nbsp; &nbsp;:<\/p>\n\n\n\n<p>Ad\u0131\/Soyad\u0131\/\u00dcnvan\u0131:<\/p>\n\n\n\n<p>Adresi :&nbsp;<\/p>\n\n\n\n<p>Telefon:&nbsp;<\/p>\n\n\n\n<p>Faks:&nbsp;<\/p>\n\n\n\n<p>Email:<\/p>\n\n\n\n<p>MADDE 4 &#8211; S\u00d6ZLE\u015eME KONUSU \u00dcR\u00dcN B\u0130LG\u0130LER\u0130 &nbsp; &nbsp;:<\/p>\n\n\n\n<p>Mal\u0131n \/ \u00dcr\u00fcn\u00fcn\/Hizmetin t\u00fcr\u00fc, miktar\u0131, marka\/modeli, rengi, adedi, sat\u0131\u015f bedeli, \u00f6deme \u015fekli, a\u015fa\u011f\u0131da belirtildi\u011fi &nbsp;gibi&nbsp;<\/p>\n\n\n\n<p>olup, bu vaatler 24 saat i\u00e7erisinde ge\u00e7erlidir.<\/p>\n\n\n\n<p>Mal \/ \u00dcr\u00fcn\/Hizmet t\u00fcr\u00fc:<\/p>\n\n\n\n<p>Marka\/Model:<\/p>\n\n\n\n<p>Adedi:<\/p>\n\n\n\n<p>Sat\u0131\u015f Fiyat\u0131 (KDV dahil) :<\/p>\n\n\n\n<p>\u00d6deme \u015fekli:<\/p>\n\n\n\n<p>Teslimat Adresi :<\/p>\n\n\n\n<p>Teslim Edilecek Ki\u015fi:<\/p>\n\n\n\n<p>Fatura Adresi:<\/p>\n\n\n\n<p>MADDE 5 &#8211; GENEL H\u00dcK\u00dcMLER &nbsp; &nbsp;:<\/p>\n\n\n\n<p>5 &#8211; 1 ALICI, Madde 4 &#8216; te belirtilen s\u00f6zle\u015fme konusu \u00fcr\u00fcn\u00fcn temel nitelikleri, sat\u0131\u015f fiyat\u0131 ve \u00f6deme \u015fekli ile teslimata ili\u015fkin t\u00fcm \u00f6n bilgileri okuyup bilgi sahibi oldu\u011funu ve elektronik ortamda gerekli teyidi verdi\u011fini beyan eder.<\/p>\n\n\n\n<p>5 &#8211; 2 S\u00f6zle\u015fme konusu \u00fcr\u00fcn, ALICI&#8217; dan ba\u015fka bir ki\u015fi\/kurulu\u015fa teslim edilecek ise, teslim edilecek ki\u015fi\/ kurulu\u015fun teslimat\u0131 kabul etmemesinden hbbkimya.com sorumlu tutulamaz.<\/p>\n\n\n\n<p>5. &#8211; 3 SATICI, s\u00f6zle\u015fme konusu \u00fcr\u00fcn\u00fcn, sa\u011flam eksiksiz, sipari\u015fte belirtilen niteliklere uygun varsa garanti belgeleri ve kullan\u0131m k\u0131lavuzlar\u0131 ile teslim etmesinden sorumludur.<\/p>\n\n\n\n<p>5 &#8211; 4 S\u00f6zle\u015fme konusu \u00fcr\u00fcn, yasal 30 g\u00fcnl\u00fck s\u00fcreyi a\u015fmamak ko\u015fulu ile her bir \u00fcr\u00fcn i\u00e7in ALICI &#8216; n\u0131n yerle\u015fim yerinin uzakl\u0131\u011f\u0131na ba\u011fl\u0131 olarak \u00f6n bilgiler i\u00e7inde a\u00e7\u0131klanan s\u00fcre i\u00e7inde ALICI veya g\u00f6sterdi\u011fi adresteki ki\u015fi\/ kurulu\u015fa teslim edilir.<\/p>\n\n\n\n<p>5 &#8211; 5 S\u00f6zle\u015fme konusu \u00fcr\u00fcn\u00fcn teslimat\u0131 i\u00e7in bu s\u00f6zle\u015fmenin imzal\u0131 n\u00fcshas\u0131n\u0131n SATICI&#8217; ya ula\u015ft\u0131r\u0131lm\u0131\u015f olmas\u0131 ve bedelinin ALICI&#8217; n\u0131n tercih etti\u011fi \u00f6deme \u015fekli ile \u00f6denmesi \u015fartt\u0131r.<\/p>\n\n\n\n<p>5 &#8211; 6 \u00dcr\u00fcn\u00fcn tesliminden sonra ALICI &#8216; ya ait kredi kart\u0131n\u0131n ALICI&#8217; n\u0131n kusurundan kaynaklanmayan bir \u015fekilde yetkisiz ki\u015filerce haks\u0131z ve hukuka ayk\u0131r\u0131 olarak kullan\u0131lmas\u0131 nedeni ile banka veya finans kurulu\u015funun \u00fcr\u00fcn bedelini SATICI &#8216; ya \u00f6dememesi halinde, ALICI&#8217; n\u0131n kendisine teslim edilmi\u015f olmas\u0131 kayd\u0131yla \u00fcr\u00fcn\u00fcn 3 i\u015f g\u00fcn\u00fc i\u00e7erisinde SATICI&#8217; ya g\u00f6nderilmesi zorunludur.<\/p>\n\n\n\n<p>5 &#8211; 7 SATICI m\u00fccbir sebepler veya nakliyeyi engelleyen hava muhalefeti, ula\u015f\u0131m\u0131n kesilmesi gibi ola\u011fan\u00fcst\u00fc durumlar nedeni ile s\u00f6zle\u015fme konusu \u00fcr\u00fcn\u00fc s\u00fcreci i\u00e7inde teslim edemez ise, durumu ALICI&#8217; ya bildirmekle y\u00fck\u00fcml\u00fcd\u00fcr. Bu taktirde ALICI&#8217; n\u0131n sipari\u015fin iptal edilmesini, s\u00f6zle\u015fme konusu \u00fcr\u00fcn\u00fcn varsa emsali ile de\u011fi\u015ftirilmesini, ve \/ veya teslimat s\u00fcresinin engelleyici durumun ortadan &nbsp;kalkmas\u0131na kadar ertelenmesi haklar\u0131ndan birini kullanabilir. ALICI&#8217; n\u0131n sipari\u015fi iptal etmesi durumunda \u00f6dedi\u011fi tutar 10 g\u00fcn i\u00e7inde kendisine nakten ve defaten \u00f6denir.<\/p>\n\n\n\n<p>5 &#8211; 8 ALICI garanti belgesi ile sat\u0131lan \u00fcr\u00fcnlerden olan veya olmayan \u00fcr\u00fcnlerin ar\u0131zal\u0131 veya bozuk olanlar, garanti \u015fartlar\u0131 i\u00e7inde gerekli onar\u0131m\u0131n\u0131n yap\u0131lmas\u0131 i\u00e7in \u00dcr\u00fcn yetkili servis merkezi&#8217; ne bildirebilir e\u011fer yoksa \u00fcr\u00fcn\u00fcn\u00fc SATICI&#8217; ya g\u00f6nderebilir bu taktirde kargo giderleri SATICI&#8217; taraf\u0131ndan kar\u015f\u0131lanacakt\u0131r.<\/p>\n\n\n\n<p>5 &#8211; 9 \u0130\u015f bu s\u00f6zle\u015fme, ALICI taraf\u0131ndan imzalan\u0131p SATICI&#8217; ya ula\u015ft\u0131r\u0131lmas\u0131ndan sonra ge\u00e7erlik kazan\u0131r.<\/p>\n\n\n\n<p>5 &#8211; 10 Sipari\u015fleriniz, banka yada hbbkimya.com &nbsp;Kredi Kart\u0131 g\u00fcvenlik birimi taraf\u0131ndan gerekli durumlarda veya kart sahibinin farkl\u0131 olmas\u0131 durumunda, sipari\u015fleriniz ile ilgili onay alabilmek i\u00e7in kredi kart\u0131 sahibine, sistemlerinde kay\u0131tl\u0131 bir telefon numaras\u0131ndan ula\u015f\u0131lamaz ise, sipari\u015finizi kredi kart\u0131 sahibinin g\u00fcvenli\u011fini sa\u011flama amac\u0131 ile iptal edebilmekteyiz.<\/p>\n\n\n\n<p>5 \u2013 11 .Her sipari\u015fte banka kay\u0131tlar\u0131 ve bilgisayar ip numaras\u0131 kay\u0131t alt\u0131na al\u0131narak herhangi bir sahtekarl\u0131k durumunda savc\u0131l\u0131\u011fa bildirilerek sorumlu ip sahibi hakk\u0131nda sahtekarl\u0131k su\u00e7u ile hakk\u0131nda yasal i\u015flem ba\u015flat\u0131lacakt\u0131r.<\/p>\n\n\n\n<p>hbbkimya.com&nbsp;\u0130nternet sitesinde aksi belirtilmedi\u011fi s\u00fcrece mant\u0131\u011fa ayk\u0131r\u0131 rakamlarla ( 200 TL lik mal\u0131n 20 TL. a sat\u0131lmas\u0131 gibi ) sat\u0131\u015f yap\u0131lmamaktad\u0131r.<\/p>\n\n\n\n<p>Teknik hatalar nedeniyle bu t\u00fcr yanl\u0131\u015f fiyatla girilen sipari\u015fler, iptal edilecektir.<\/p>\n\n\n\n<p>Tipografik hatalar ba\u011flay\u0131c\u0131 de\u011fildir.<\/p>\n\n\n\n<p>MADDE 6 &#8211; CAYMA HAKKI &nbsp; &nbsp;:<\/p>\n\n\n\n<p>ALICI&#8217; s\u00f6zle\u015fme konusu \u00fcr\u00fcn\u00fcn kendisine veya g\u00f6sterdi\u011fi adresteki ki\u015fi \/ kurulu\u015fa tesliminden ( 7 ) g\u00fcn i\u00e7inde cayma hakk\u0131na sahiptir. Cayma hakk\u0131n\u0131n kullan\u0131lmas\u0131 i\u00e7in bu s\u00fcre i\u00e7inde SATICI &#8216; YA faks, email veya telefon ile bildirimde bulunulmas\u0131 ve \u00fcr\u00fcn\u00fcn 7. madde h\u00fck\u00fcmleri \u00e7er\u00e7evesinde kullan\u0131lmam\u0131\u015f olmas\u0131 \u015fartt\u0131r. Bu hakk\u0131n kullan\u0131lmas\u0131 halinde, 3. ki\u015fiye veya ALICI&#8217; ya teslim edilen \u00fcr\u00fcn\u00fcn &nbsp;SATICI&#8217; ya g\u00f6nderildi\u011fine ili\u015fkin kargo teslim tutana\u011f\u0131 \u00f6rne\u011fi ile fatura asl\u0131n\u0131n iadesi zorunludur. Bu belgelerin SATICI &#8216; ya ula\u015fmas\u0131n\u0131 takip eden 7 g\u00fcn i\u00e7erisinde \u00fcr\u00fcn bedeli ALICI&#8217; ya iade edilir.Fatura asl\u0131 g\u00f6nderilmez ise KDV ve varsa \u015fair yasal y\u00fck\u00fcml\u00fcl\u00fckler iade edilmez.Cayma hakk\u0131 nedeni ile iade \u00fcr\u00fcn\u00fcn kargo bedeli SATICI taraf\u0131ndan kar\u015f\u0131lan\u0131r.<\/p>\n\n\n\n<p>Ayr\u0131ca, niteli\u011fi itibari ile iade edilmeyecek \u00fcr\u00fcnler, tek kullan\u0131ml\u0131k \u00fcr\u00fcnler, &nbsp;h\u0131zl\u0131 bozulan veya son kullanma tarihi ge\u00e7en \u00fcr\u00fcnler i\u00e7in cayma hakk\u0131 kullan\u0131lmaz. &nbsp;cayma hakk\u0131n\u0131n kullan\u0131lmas\u0131, \u00fcr\u00fcn\u00fcn a\u00e7\u0131lmam\u0131\u015f, bozulmam\u0131\u015f ve \u00fcr\u00fcn\u00fcn kullan\u0131lmam\u0131\u015f olmas\u0131 \u015fart\u0131na ba\u011fl\u0131d\u0131r.<\/p>\n\n\n\n<p>MADDE 7- S\u0130PAR\u0130\u015e \u0130PTAL\u0130 &nbsp; &nbsp;:<\/p>\n\n\n\n<p>ALICI &#8216; s\u00f6zle\u015fme konusu \u00fcr\u00fcn\u00fcn sipari\u015f iptalini 24 saat i\u00e7inde 05531487260 nolu telefonlarla veya hbbkimya.com \u00a0adresine bildirmek zorundad\u0131r.Vermi\u015f oldu\u011funuz sipari\u015f e\u011fer kargoya verilmi\u015f ise sipari\u015finizin iptali ger\u00e7ekle\u015ftirilememektedir. \u0130ade i\u015flemleri cayma hakk\u0131 kural\u0131 ge\u00e7erlidir.<\/p>\n\n\n\n<p>MADDE 8 &#8211; YETK\u0130L\u0130 MAHKEME<\/p>\n\n\n\n<p>\u0130\u015f bu s\u00f6zle\u015fmenin uygulanmas\u0131nda, Sanayi ve Ticaret bakanl\u0131\u011f\u0131nca idare edilene kadar T\u00fcketici Hakem Heyetleri ile ALICI&#8217; n\u0131n veya SATICI&#8217; n\u0131n yerle\u015fim yerindeki T\u00fcketici mahkemeleri yetkilidir. Sipari\u015fin ger\u00e7ekle\u015fmesi durumunda ALICI ve SATICI i\u015f bu s\u00f6zle\u015fmenin t\u00fcm ko\u015fullar\u0131n\u0131 kabul etmi\u015f say\u0131l\u0131r.<\/p>\n\n\n\n<p>Al\u0131c\u0131, 4882 S. K. &nbsp;ile de\u011fi\u015fik 4077 S.K.\u2019un &nbsp;M. 9\/A, &nbsp;f.2 ve Mes. S\u00f6z. Y\u00f6n. 5. ve 6. maddeleri gere\u011fince \u00d6n Bilgileri okuyup bilgi sahibi oldu\u011funu ve elektronik ortamda gerekli teyidi verdi\u011fini kabul, taahh\u00fct ve beyan eder. &nbsp;<\/p>\n\n\n\n<p>Ben T\u00fcketici\/Al\u0131c\u0131 olarak, \u0130\u015fbu 1 (bir) sayfadan ibaret \u00d6n Bilgilendirme Belgesinde yazan t\u00fcm hususlar\u0131 okudum, anlad\u0131m, kabul ettim ve t\u00fcm bu hususlar\u0131 onaylad\u0131m, teyit ettim.&nbsp;<\/p>\n\n\n\n<p>Ad\u0131- Soyad\u0131:&nbsp;<\/p>\n\n\n\n<p>Tarih: Sipari\u015f Tarihi<\/p>\n\n\n\n<p>\u0130mza:<\/p>\n\n\n\n<p>hbbkimya.com<\/p>\n\n\n\n<p><\/p>\n","protected":false},"excerpt":{"rendered":"<p>hbbkimya.com \u00a0Uzak Mesafeli Sat\u0131\u015f S\u00f6zle\u015fmesi\u00a0 MADDE 1 &#8211; KONU &nbsp; &nbsp;: I\u015fbu s\u00f6zle\u015fmenin konusu, SATICI&#8217;n\u0131n, ALICI&#8217;ya sat\u0131\u015f\u0131n\u0131 yapt\u0131g\u0131, a\u015fag\u0131da nitelikleri ve sat\u0131\u015f fiyat\u0131 belirtilen \u00fcr\u00fcn\u00fcn sat\u0131\u015f\u0131 ve teslimi ile ilgili olarak 4077 say\u0131l\u0131 T\u00fcketicilerin Korunmas\u0131 Hakk\u0131ndaki Kanun-Mesafeli S\u00f6zle\u015fmeleri Uygulama Esas ve Usulleri Hakk\u0131nda Y\u00f6netmelik h\u00fck\u00fcmleri gere\u011fince taraflar\u0131n hak ve y\u00fck\u00fcml\u00fcl\u00fcklerinin kapsamaktad\u0131r. MADDE 2 &#8211; SATICI&hellip;&nbsp;<a href=\"https:\/\/hbbkimya.com\/?page_id=609\" rel=\"bookmark\">Daha fazlas\u0131n\u0131 oku &raquo;<span class=\"screen-reader-text\">Mesafeli Sat\u0131\u015f S\u00f6zle\u015fmesi<\/span><\/a><\/p>\n","protected":false},"author":1,"featured_media":0,"parent":0,"menu_order":0,"comment_status":"closed","ping_status":"closed","template":"","meta":{"neve_meta_sidebar":"","neve_meta_container":"","neve_meta_enable_content_width":"","neve_meta_content_width":0,"neve_meta_title_alignment":"","neve_meta_author_avatar":"","neve_post_elements_order":"","neve_meta_disable_header":"","neve_meta_disable_footer":"","neve_meta_disable_title":"","_themeisle_gutenberg_block_has_review":false,"footnotes":""},"class_list":["post-609","page","type-page","status-publish","hentry"],"_links":{"self":[{"href":"https:\/\/hbbkimya.com\/index.php?rest_route=\/wp\/v2\/pages\/609","targetHints":{"allow":["GET"]}}],"collection":[{"href":"https:\/\/hbbkimya.com\/index.php?rest_route=\/wp\/v2\/pages"}],"about":[{"href":"https:\/\/hbbkimya.com\/index.php?rest_route=\/wp\/v2\/types\/page"}],"author":[{"embeddable":true,"href":"https:\/\/hbbkimya.com\/index.php?rest_route=\/wp\/v2\/users\/1"}],"replies":[{"embeddable":true,"href":"https:\/\/hbbkimya.com\/index.php?rest_route=%2Fwp%2Fv2%2Fcomments&post=609"}],"version-history":[{"count":4,"href":"https:\/\/hbbkimya.com\/index.php?rest_route=\/wp\/v2\/pages\/609\/revisions"}],"predecessor-version":[{"id":1472,"href":"https:\/\/hbbkimya.com\/index.php?rest_route=\/wp\/v2\/pages\/609\/revisions\/1472"}],"wp:attachment":[{"href":"https:\/\/hbbkimya.com\/index.php?rest_route=%2Fwp%2Fv2%2Fmedia&parent=609"}],"curies":[{"name":"wp","href":"https:\/\/api.w.org\/{rel}","templated":true}]}}