{"id":605,"date":"2024-11-24T21:41:43","date_gmt":"2024-11-24T18:41:43","guid":{"rendered":"https:\/\/hbbkimya.com\/?page_id=605"},"modified":"2025-04-18T16:27:11","modified_gmt":"2025-04-18T13:27:11","slug":"odeme-ve-teslimat","status":"publish","type":"page","link":"https:\/\/hbbkimya.com\/?page_id=605","title":{"rendered":"\u00d6deme ve Teslimat"},"content":{"rendered":"\n<h3 class=\"wp-block-heading\">\u00d6demeler<\/h3>\n\n\n\n<h3 class=\"wp-block-heading\">Kredi Kart\u0131<\/h3>\n\n\n\n<p>hbbkimya.com\u00a0al\u0131\u015fveri\u015flerinizi Mastercard ya da Visa kredi kartlar\u0131n\u0131z\u0131 kullanarak yapabilirsiniz.<\/p>\n\n\n\n<h3 class=\"wp-block-heading\">EFT &amp; Havale<\/h3>\n\n\n\n<p>Havale ya da EFT ile yapt\u0131\u011f\u0131n\u0131z al\u0131\u015fveri\u015flerinizde, teslimat s\u00fcresinin ba\u015flang\u0131c\u0131, sipari\u015fi verdi\u011finiz zaman de\u011fil, sipari\u015f ederinin hesaplar\u0131m\u0131za ge\u00e7ti\u011fi and\u0131r.<br>2 i\u015f g\u00fcn\u00fc i\u00e7erisinde hesaba ge\u00e7meyen havale ya da EFT sipari\u015fleri ge\u00e7ersiz say\u0131lmaktad\u0131r.<\/p>\n\n\n\n<h3 class=\"wp-block-heading\">Teslimatlar<\/h3>\n\n\n\n<p>E\u011fer \u00fcr\u00fcn\u00fcn\u00fcz size hasarl\u0131 olarak ula\u015ft\u0131 ise; yan\u0131nda kolinizi a\u00e7t\u0131\u011f\u0131n\u0131z kargo g\u00f6revlisine hasarl\u0131 \u00fcr\u00fcn tutana\u011f\u0131 haz\u0131rlatman\u0131z gerekmektedir. Bu tutanak ile birlikte \u00fcr\u00fcn\u00fc \/ \u00fcr\u00fcnleri faturalar\u0131 ile birlikte sorununuzu anlatan not ve kargo g\u00f6revlisine haz\u0131rlatt\u0131\u011f\u0131n\u0131z tutanak ile birlikte, bize \u00f6demeli olarak yurti\u00e7i kargo ile g\u00f6ndermenizi rica ederiz. \u00dcr\u00fcnler bize ula\u015ft\u0131\u011f\u0131nda sorununuz kay\u0131tlar\u0131m\u0131za i\u015flenecek olup, en k\u0131sa s\u00fcrede yeni \u00fcr\u00fcnleriniz size g\u00f6nderilecektir.<br>Daha detayl\u0131 bilgi i\u00e7in. Bak\u0131n\u0131z iade \u015fartlar\u0131.<br>\u2028Kargo ile teslimi yap\u0131lan sipari\u015flerin, tamam\u0131 faturaya g\u00f6re ve fatura ile kargo firmas\u0131na teslim edilmektedir. Resmi faturalar\u0131m\u0131z yollanan sipari\u015finizin ayr\u0131lmaz bir par\u00e7as\u0131d\u0131r.\u2028Faturan\u0131z, sipari\u015finizin yer ald\u0131\u011f\u0131 kolinin d\u0131\u015f\u0131nda, amblemsiz d\u00fcz&nbsp;bir zarf i\u00e7inde size ula\u015ft\u0131r\u0131lmaktad\u0131r.<br>Herhangi bir nedenden dolay\u0131 kargo firmas\u0131 taraf\u0131ndan bu zarf i\u00e7erisinde bulunan fatura size teslim edilmez ise l\u00fctfen kargo yetkilisine hat\u0131rlat\u0131n\u0131z ve \u0131srarla isteyiniz.<br>T\u00fcm taleplerinize ra\u011fmen teslim edilemeyen fatura i\u00e7in l\u00fctfen tutanak tutturunuz ve bize bildiriniz. En k\u0131sa zamanda kargo firmas\u0131n\u0131n bulmas\u0131 veya asl\u0131 gibidir ka\u015feli bir kopyas\u0131 taraf\u0131m\u0131zdan size yollanacakt\u0131r.<br>Tipografi hatalar ve yanl\u0131\u015f fiyat girilmesinden firmam\u0131z sorumlu tutulamaz.<br>Kargolar\u0131n\u0131z\u0131 Yurti\u00e7i Kargo ile taraf\u0131n\u0131za ula\u015ft\u0131r\u0131yoruz.<br>Fatura ve Teslimat adresleri farkl\u0131 olan sipari\u015flerinizde, FATURA FATURA ADRES\u0130ME GELS\u0130N se\u00e7erseniz faturan\u0131z&nbsp;\u00dcCRETS\u0130Z&nbsp;olarak kargo ile belirtmi\u015f oldu\u011funuz adrese g\u00f6nderilir.<br>Yurti\u00e7i&nbsp;Kargo&nbsp;T\u00fcrkiye\u2019nin t\u00fcm noktalar\u0131na \u00fcr\u00fcn teslimat\u0131 yapabilmektedir.&nbsp; S\u00f6z konusu tedarik s\u00fcreleri il, merkezleri i\u00e7in ge\u00e7erlidir. \u0130l \/il\u00e7e merkezlerimiz ve mobil b\u00f6lge d\u0131\u015f\u0131nda kalan b\u00f6lgelere \u00fcr\u00fcn teslimat\u0131 da yap\u0131lmaktad\u0131r&nbsp;ekstra bir kargo \u00fccreti talep&nbsp;edilmez ancak haftan\u0131n belirli g\u00fcnleri teslimat yap\u0131lmaktad\u0131r.<br>Mobil hizmet almayan yerle\u015fim b\u00f6lgelerinde ise ancak kargo \u015fubesinden teslimat yap\u0131lmaktad\u0131r.<\/p>\n\n\n\n<p><\/p>\n","protected":false},"excerpt":{"rendered":"<p>\u00d6demeler Kredi Kart\u0131 hbbkimya.com\u00a0al\u0131\u015fveri\u015flerinizi Mastercard ya da Visa kredi kartlar\u0131n\u0131z\u0131 kullanarak yapabilirsiniz. EFT &amp; Havale Havale ya da EFT ile yapt\u0131\u011f\u0131n\u0131z al\u0131\u015fveri\u015flerinizde, teslimat s\u00fcresinin ba\u015flang\u0131c\u0131, sipari\u015fi verdi\u011finiz zaman de\u011fil, sipari\u015f ederinin hesaplar\u0131m\u0131za ge\u00e7ti\u011fi and\u0131r.2 i\u015f g\u00fcn\u00fc i\u00e7erisinde hesaba ge\u00e7meyen havale ya da EFT sipari\u015fleri ge\u00e7ersiz say\u0131lmaktad\u0131r. Teslimatlar E\u011fer \u00fcr\u00fcn\u00fcn\u00fcz size hasarl\u0131 olarak ula\u015ft\u0131 ise; yan\u0131nda&hellip;&nbsp;<a href=\"https:\/\/hbbkimya.com\/?page_id=605\" rel=\"bookmark\">Daha fazlas\u0131n\u0131 oku &raquo;<span class=\"screen-reader-text\">\u00d6deme ve Teslimat<\/span><\/a><\/p>\n","protected":false},"author":1,"featured_media":0,"parent":0,"menu_order":0,"comment_status":"closed","ping_status":"closed","template":"","meta":{"neve_meta_sidebar":"","neve_meta_container":"","neve_meta_enable_content_width":"","neve_meta_content_width":0,"neve_meta_title_alignment":"","neve_meta_author_avatar":"","neve_post_elements_order":"","neve_meta_disable_header":"","neve_meta_disable_footer":"","neve_meta_disable_title":"","_themeisle_gutenberg_block_has_review":false,"footnotes":""},"class_list":["post-605","page","type-page","status-publish","hentry"],"_links":{"self":[{"href":"https:\/\/hbbkimya.com\/index.php?rest_route=\/wp\/v2\/pages\/605","targetHints":{"allow":["GET"]}}],"collection":[{"href":"https:\/\/hbbkimya.com\/index.php?rest_route=\/wp\/v2\/pages"}],"about":[{"href":"https:\/\/hbbkimya.com\/index.php?rest_route=\/wp\/v2\/types\/page"}],"author":[{"embeddable":true,"href":"https:\/\/hbbkimya.com\/index.php?rest_route=\/wp\/v2\/users\/1"}],"replies":[{"embeddable":true,"href":"https:\/\/hbbkimya.com\/index.php?rest_route=%2Fwp%2Fv2%2Fcomments&post=605"}],"version-history":[{"count":8,"href":"https:\/\/hbbkimya.com\/index.php?rest_route=\/wp\/v2\/pages\/605\/revisions"}],"predecessor-version":[{"id":1473,"href":"https:\/\/hbbkimya.com\/index.php?rest_route=\/wp\/v2\/pages\/605\/revisions\/1473"}],"wp:attachment":[{"href":"https:\/\/hbbkimya.com\/index.php?rest_route=%2Fwp%2Fv2%2Fmedia&parent=605"}],"curies":[{"name":"wp","href":"https:\/\/api.w.org\/{rel}","templated":true}]}}