{"id":554,"date":"2024-11-09T18:28:10","date_gmt":"2024-11-09T15:28:10","guid":{"rendered":"https:\/\/hbbkimya.com\/?page_id=554"},"modified":"2025-04-18T21:09:26","modified_gmt":"2025-04-18T18:09:26","slug":"urunler","status":"publish","type":"page","link":"https:\/\/hbbkimya.com\/?page_id=554","title":{"rendered":"\u00dcR\u00dcNLER\u0130M\u0130Z"},"content":{"rendered":"\n<div class=\"wp-block-columns is-layout-flex wp-container-core-columns-is-layout-9d6595d7 wp-block-columns-is-layout-flex\">\n<div class=\"wp-block-column animated backInLeft is-layout-flow wp-block-column-is-layout-flow\" style=\"flex-basis:35%\">\n<div class=\"wp-block-group\"><div class=\"wp-block-group__inner-container is-layout-constrained wp-block-group-is-layout-constrained\">\n<div class=\"wp-block-columns is-layout-flex wp-container-core-columns-is-layout-9d6595d7 wp-block-columns-is-layout-flex\">\n<div class=\"wp-block-column animated backInLeft has-nv-c-1-color has-pale-ocean-gradient-background has-text-color has-background is-layout-flow wp-block-column-is-layout-flow\" style=\"border-style:none;border-width:0px;border-radius:19px;padding-top:0;padding-right:0;padding-bottom:0;padding-left:0;flex-basis:100%\">\n<div class=\"wp-block-group\"><div class=\"wp-block-group__inner-container is-layout-flow wp-block-group-is-layout-flow\">\n<div class=\"wp-block-columns is-layout-flex wp-container-core-columns-is-layout-9d6595d7 wp-block-columns-is-layout-flex\">\n<div class=\"wp-block-column is-layout-flow wp-block-column-is-layout-flow\" style=\"flex-basis:100%\">\n<div class=\"wp-block-group\"><div class=\"wp-block-group__inner-container is-layout-constrained wp-block-group-is-layout-constrained\"><div data-block-name=\"woocommerce\/product-categories\" data-has-count=\"false\" data-otter-conditions=\"[[{&quot;type&quot;:&quot;screenSize&quot;,&quot;screen_sizes&quot;:[]}]]\" data-style=\"{&quot;elements&quot;:{&quot;link&quot;:{&quot;color&quot;:{&quot;text&quot;:&quot;var:preset|color|neve-text-color&quot;}}}}\" data-text-color=\"neve-text-color\" class=\"wp-block-woocommerce-product-categories wc-block-product-categories is-list has-text-color has-neve-text-color-color wp-elements-2656c554518d94372e7d254acde69036\" style=\"\"><ul class=\"wc-block-product-categories-list wc-block-product-categories-list--depth-0\">\t\t\t\t<li class=\"wc-block-product-categories-list-item\">\t\t\t\t\t<a style=\"color: var(--wp--preset--color--neve-text-color);\" href=\"https:\/\/hbbkimya.com\/?product_cat=cam\"><span class=\"wc-block-product-categories-list-item__name\">Laboratuvar Cam Malzemeleri<\/span><\/a>\t\t\t\t<\/li>\t\t\t\t\t\t\t<li class=\"wc-block-product-categories-list-item\">\t\t\t\t\t<a style=\"color: var(--wp--preset--color--neve-text-color);\" href=\"https:\/\/hbbkimya.com\/?product_cat=cihazlar\"><span class=\"wc-block-product-categories-list-item__name\">Laboratuvar Cihazlar\u0131<\/span><\/a><ul class=\"wc-block-product-categories-list wc-block-product-categories-list--depth-1\">\t\t\t\t<li class=\"wc-block-product-categories-list-item\">\t\t\t\t\t<a style=\"color: var(--wp--preset--color--neve-text-color);\" href=\"https:\/\/hbbkimya.com\/?product_cat=balon-mantolu-isiticilar\"><span class=\"wc-block-product-categories-list-item__name\">Balon (Mantolu) Is\u0131t\u0131c\u0131lar<\/span><\/a>\t\t\t\t<\/li>\t\t\t\t\t\t\t<li class=\"wc-block-product-categories-list-item\">\t\t\t\t\t<a style=\"color: var(--wp--preset--color--neve-text-color);\" href=\"https:\/\/hbbkimya.com\/?product_cat=bomemetreler-dansimetreler\"><span class=\"wc-block-product-categories-list-item__name\">Bomemetreler &#8211; Dansimetreler<\/span><\/a>\t\t\t\t<\/li>\t\t\t\t\t\t\t<li class=\"wc-block-product-categories-list-item\">\t\t\t\t\t<a style=\"color: var(--wp--preset--color--neve-text-color);\" href=\"https:\/\/hbbkimya.com\/?product_cat=dijital-buretler\"><span class=\"wc-block-product-categories-list-item__name\">Dijital B\u00fcretler<\/span><\/a>\t\t\t\t<\/li>\t\t\t\t\t\t\t<li class=\"wc-block-product-categories-list-item\">\t\t\t\t\t<a style=\"color: var(--wp--preset--color--neve-text-color);\" href=\"https:\/\/hbbkimya.com\/?product_cat=manyetik-mekanik-tup-karistiricilar\"><span class=\"wc-block-product-categories-list-item__name\">Manyetik &#8211; Mekanik &#8211; T\u00fcp Kar\u0131\u015ft\u0131r\u0131c\u0131lar<\/span><\/a>\t\t\t\t<\/li>\t\t\t\t\t\t\t<li class=\"wc-block-product-categories-list-item\">\t\t\t\t\t<a style=\"color: var(--wp--preset--color--neve-text-color);\" href=\"https:\/\/hbbkimya.com\/?product_cat=otomatik-pipetler\"><span class=\"wc-block-product-categories-list-item__name\">Otomatik Pipetler<\/span><\/a>\t\t\t\t<\/li>\t\t\t\t\t\t\t<li class=\"wc-block-product-categories-list-item\">\t\t\t\t\t<a style=\"color: var(--wp--preset--color--neve-text-color);\" href=\"https:\/\/hbbkimya.com\/?product_cat=ph-metre-iletkenlik-orp\"><span class=\"wc-block-product-categories-list-item__name\">pH Metre &#8211; \u0130letkenlik &#8211; ORP<\/span><\/a>\t\t\t\t<\/li>\t\t\t\t\t\t\t<li class=\"wc-block-product-categories-list-item\">\t\t\t\t\t<a style=\"color: var(--wp--preset--color--neve-text-color);\" href=\"https:\/\/hbbkimya.com\/?product_cat=refraktometreler\"><span class=\"wc-block-product-categories-list-item__name\">Refraktometreler<\/span><\/a>\t\t\t\t<\/li>\t\t\t\t\t\t\t<li class=\"wc-block-product-categories-list-item\">\t\t\t\t\t<a style=\"color: var(--wp--preset--color--neve-text-color);\" href=\"https:\/\/hbbkimya.com\/?product_cat=su-banyolari\"><span class=\"wc-block-product-categories-list-item__name\">Su Banyolar\u0131<\/span><\/a>\t\t\t\t<\/li>\t\t\t\t\t\t\t<li class=\"wc-block-product-categories-list-item\">\t\t\t\t\t<a style=\"color: var(--wp--preset--color--neve-text-color);\" href=\"https:\/\/hbbkimya.com\/?product_cat=termometre-termohigrometre\"><span class=\"wc-block-product-categories-list-item__name\">Termometre ve Termohigrometre<\/span><\/a>\t\t\t\t<\/li>\t\t\t<\/ul>\t\t\t\t<\/li>\t\t\t\t\t\t\t<li class=\"wc-block-product-categories-list-item\">\t\t\t\t\t<a style=\"color: var(--wp--preset--color--neve-text-color);\" href=\"https:\/\/hbbkimya.com\/?product_cat=kimyasallar\"><span class=\"wc-block-product-categories-list-item__name\">Laboratuvar Kimyasallar\u0131<\/span><\/a><ul class=\"wc-block-product-categories-list wc-block-product-categories-list--depth-1\">\t\t\t\t<li class=\"wc-block-product-categories-list-item\">\t\t\t\t\t<a style=\"color: var(--wp--preset--color--neve-text-color);\" href=\"https:\/\/hbbkimya.com\/?product_cat=cozeltiler-solusyonlar\"><span class=\"wc-block-product-categories-list-item__name\">\u00c7\u00f6zeltiler ve Sol\u00fcsyonlar<\/span><\/a>\t\t\t\t<\/li>\t\t\t\t\t\t\t<li class=\"wc-block-product-categories-list-item\">\t\t\t\t\t<a style=\"color: var(--wp--preset--color--neve-text-color);\" href=\"https:\/\/hbbkimya.com\/?product_cat=daglayicilar\"><span class=\"wc-block-product-categories-list-item__name\">Da\u011flay\u0131c\u0131lar<\/span><\/a>\t\t\t\t<\/li>\t\t\t\t\t\t\t<li class=\"wc-block-product-categories-list-item\">\t\t\t\t\t<a style=\"color: var(--wp--preset--color--neve-text-color);\" href=\"https:\/\/hbbkimya.com\/?product_cat=indikatorler\"><span class=\"wc-block-product-categories-list-item__name\">\u0130ndikat\u00f6rler<\/span><\/a>\t\t\t\t<\/li>\t\t\t\t\t\t\t<li class=\"wc-block-product-categories-list-item\">\t\t\t\t\t<a style=\"color: var(--wp--preset--color--neve-text-color);\" href=\"https:\/\/hbbkimya.com\/?product_cat=merck\"><span class=\"wc-block-product-categories-list-item__name\">Merck<\/span><\/a>\t\t\t\t<\/li>\t\t\t\t\t\t\t<li class=\"wc-block-product-categories-list-item\">\t\t\t\t\t<a style=\"color: var(--wp--preset--color--neve-text-color);\" href=\"https:\/\/hbbkimya.com\/?product_cat=sivi-kimyasallar\"><span class=\"wc-block-product-categories-list-item__name\">S\u0131v\u0131 Kimyasallar<\/span><\/a>\t\t\t\t<\/li>\t\t\t\t\t\t\t<li class=\"wc-block-product-categories-list-item\">\t\t\t\t\t<a style=\"color: var(--wp--preset--color--neve-text-color);\" href=\"https:\/\/hbbkimya.com\/?product_cat=tampon-cozeltiler\"><span class=\"wc-block-product-categories-list-item__name\">Tampon \u00c7\u00f6zeltiler<\/span><\/a>\t\t\t\t<\/li>\t\t\t\t\t\t\t<li class=\"wc-block-product-categories-list-item\">\t\t\t\t\t<a style=\"color: var(--wp--preset--color--neve-text-color);\" href=\"https:\/\/hbbkimya.com\/?product_cat=toz-kati\"><span class=\"wc-block-product-categories-list-item__name\">Toz (Kat\u0131) Kimyasallar<\/span><\/a>\t\t\t\t<\/li>\t\t\t<\/ul>\t\t\t\t<\/li>\t\t\t\t\t\t\t<li class=\"wc-block-product-categories-list-item\">\t\t\t\t\t<a style=\"color: var(--wp--preset--color--neve-text-color);\" href=\"https:\/\/hbbkimya.com\/?product_cat=koruyucu-korunma-urunleri\"><span class=\"wc-block-product-categories-list-item__name\">Laboratuvar Korunma \u00dcr\u00fcnleri<\/span><\/a>\t\t\t\t<\/li>\t\t\t\t\t\t\t<li class=\"wc-block-product-categories-list-item\">\t\t\t\t\t<a style=\"color: var(--wp--preset--color--neve-text-color);\" href=\"https:\/\/hbbkimya.com\/?product_cat=sarf-plastik\"><span class=\"wc-block-product-categories-list-item__name\">Laboratuvar Sarf Malzemeleri<\/span><\/a>\t\t\t\t<\/li>\t\t\t\t\t\t\t<li class=\"wc-block-product-categories-list-item\">\t\t\t\t\t<a style=\"color: var(--wp--preset--color--neve-text-color);\" href=\"https:\/\/hbbkimya.com\/?product_cat=mikrobiyolojik\"><span class=\"wc-block-product-categories-list-item__name\">Mikrobiyolojik \u00dcr\u00fcnler<\/span><\/a>\t\t\t\t<\/li>\t\t\t\t\t\t\t<li class=\"wc-block-product-categories-list-item\">\t\t\t\t\t<a style=\"color: var(--wp--preset--color--neve-text-color);\" href=\"https:\/\/hbbkimya.com\/?product_cat=test-kitleri-stripleri\"><span class=\"wc-block-product-categories-list-item__name\">Test Kitleri ve Stripleri<\/span><\/a>\t\t\t\t<\/li>\t\t\t<\/ul><\/div><\/div><\/div>\n<\/div>\n<\/div>\n<\/div><\/div>\n<\/div>\n<\/div>\n<\/div><\/div>\n<\/div>\n\n\n\n<div class=\"wp-block-column is-vertically-aligned-stretch ticss-4821f55c is-layout-flow wp-block-column-is-layout-flow\" style=\"flex-basis:66.66%\">\n<div class=\"wp-block-columns is-layout-flex wp-container-core-columns-is-layout-9d6595d7 wp-block-columns-is-layout-flex\">\n<div class=\"wp-block-column is-layout-flow wp-block-column-is-layout-flow\" style=\"border-style:none;border-width:0px;padding-right:0;padding-left:0;flex-basis:100%\">\n<div data-align-buttons=\"false\" data-block-name=\"woocommerce\/all-products\" data-columns=\"3\" data-content-visibility=\"{&quot;orderBy&quot;:true}\" data-layout-config=\"[[&quot;woocommerce\\\/product-image&quot;,{&quot;imageSizing&quot;:&quot;thumbnail&quot;}],[&quot;woocommerce\\\/product-title&quot;],[&quot;woocommerce\\\/product-price&quot;],[&quot;woocommerce\\\/product-rating&quot;],[&quot;woocommerce\\\/product-button&quot;]]\" data-orderby=\"date\" data-rows=\"4\" class=\"wp-block-woocommerce-all-products wc-block-all-products\" data-attributes=\"{&quot;alignButtons&quot;:false,&quot;columns&quot;:3,&quot;contentVisibility&quot;:{&quot;orderBy&quot;:true},&quot;hasCustomCSS&quot;:false,&quot;isPreview&quot;:false,&quot;layoutConfig&quot;:[[&quot;woocommerce\/product-image&quot;,{&quot;imageSizing&quot;:&quot;thumbnail&quot;}],[&quot;woocommerce\/product-title&quot;],[&quot;woocommerce\/product-price&quot;],[&quot;woocommerce\/product-rating&quot;],[&quot;woocommerce\/product-button&quot;]],&quot;orderby&quot;:&quot;date&quot;,&quot;otterConditions&quot;:[],&quot;rows&quot;:4}\">\n\n\n<div data-block-name=\"woocommerce\/product-title\" class=\"wp-block-woocommerce-product-title is-loading\"><\/div>\n\n\n\n<div data-block-name=\"woocommerce\/product-price\" class=\"is-loading\"><\/div>\n\n\n\n<div data-block-name=\"woocommerce\/product-rating\" class=\"is-loading\"><\/div>\n\n\n<\/div>\n<\/div>\n<\/div>\n<\/div>\n<\/div>\n\n\n\n<p><\/p>\n","protected":false},"excerpt":{"rendered":"","protected":false},"author":1,"featured_media":0,"parent":0,"menu_order":0,"comment_status":"closed","ping_status":"closed","template":"","meta":{"neve_meta_sidebar":"left","neve_meta_container":"default","neve_meta_enable_content_width":"off","neve_meta_content_width":70,"neve_meta_title_alignment":"","neve_meta_author_avatar":"","neve_post_elements_order":"","neve_meta_disable_header":"","neve_meta_disable_footer":"","neve_meta_disable_title":"","_themeisle_gutenberg_block_has_review":false,"footnotes":""},"class_list":["post-554","page","type-page","status-publish","hentry"],"_links":{"self":[{"href":"https:\/\/hbbkimya.com\/index.php?rest_route=\/wp\/v2\/pages\/554","targetHints":{"allow":["GET"]}}],"collection":[{"href":"https:\/\/hbbkimya.com\/index.php?rest_route=\/wp\/v2\/pages"}],"about":[{"href":"https:\/\/hbbkimya.com\/index.php?rest_route=\/wp\/v2\/types\/page"}],"author":[{"embeddable":true,"href":"https:\/\/hbbkimya.com\/index.php?rest_route=\/wp\/v2\/users\/1"}],"replies":[{"embeddable":true,"href":"https:\/\/hbbkimya.com\/index.php?rest_route=%2Fwp%2Fv2%2Fcomments&post=554"}],"version-history":[{"count":22,"href":"https:\/\/hbbkimya.com\/index.php?rest_route=\/wp\/v2\/pages\/554\/revisions"}],"predecessor-version":[{"id":1479,"href":"https:\/\/hbbkimya.com\/index.php?rest_route=\/wp\/v2\/pages\/554\/revisions\/1479"}],"wp:attachment":[{"href":"https:\/\/hbbkimya.com\/index.php?rest_route=%2Fwp%2Fv2%2Fmedia&parent=554"}],"curies":[{"name":"wp","href":"https:\/\/api.w.org\/{rel}","templated":true}]}}