{"id":103,"date":"2020-05-17T19:14:57","date_gmt":"2020-05-17T19:14:57","guid":{"rendered":"https:\/\/demosites.io\/yoga-studio-gb\/?page_id=103"},"modified":"2025-04-25T17:37:34","modified_gmt":"2025-04-25T14:37:34","slug":"84647-contact","status":"publish","type":"page","link":"https:\/\/hbbkimya.com\/?page_id=103","title":{"rendered":"\u0130LET\u0130\u015e\u0130M"},"content":{"rendered":"\n<div class=\"wp-block-columns is-layout-flex wp-container-core-columns-is-layout-9d6595d7 wp-block-columns-is-layout-flex\">\n<div class=\"wp-block-column is-layout-flow wp-block-column-is-layout-flow\" style=\"flex-basis:100%\">\n<h2 class=\"wp-block-heading has-text-align-center\"><strong>B\u0130Z\u0130MLE \u0130LET\u0130\u015e\u0130ME GE\u00c7\u0130N<\/strong><\/h2>\n<\/div>\n<\/div>\n\n\n<div style=\"height:400px\" class=\"alignfull alignfull wp-block-themeisle-blocks-google-map\" id=\"wp-block-themeisle-blocks-google-map-3122b090\"><\/div>\n<script type=\"text\/javascript\">\n\t\/* <![CDATA[ *\/\n\t\tif ( ! window.themeisleGoogleMaps ) window.themeisleGoogleMaps =[];\n\t\twindow.themeisleGoogleMaps.push( { container: \"wp-block-themeisle-blocks-google-map-3122b090\", attributes: {\"id\":\"wp-block-themeisle-blocks-google-map-3122b090\",\"location\":\"https:\\\/\\\/www.google.com\\\/maps\\\/place\\\/HBB+Kimya+%26+Laboratuvar+Malzemeleri\\\/@38.495162,27.053345,20z\\\/data=!4m6!3m5!1s0x14bbd106a6a7f911:0x3756b2176aed1432!8m2!3d38.4952146!4d27.053518!16s%2Fg%2F11wmjw5lxk?hl=en&#038;entry=ttu&#038;g_ep=EgoyMDI0MTExOS4yIKXMDSoASAFQAw%3D%3D\",\"latitude\":\"38.49538855778352\",\"longitude\":\"27.05350885581969\",\"zoom\":18,\"markers\":[{\"id\":\"76340309-8d2f-40f8-a5c6-5de5a95867ba\",\"location\":\"https:\\\/\\\/www.google.com\\\/maps\\\/place\\\/HBB+Kimya+%26+Laboratuvar+Malzemeleri\\\/@38.495162,27.053345,20z\\\/data=!4m6!3m5!1s0x14bbd106a6a7f911:0x3756b2176aed1432!8m2!3d38.4952146!4d27.053518!16s%2Fg%2F11wmjw5lxk?hl=en&#038;entry=ttu&#038;g_ep=EgoyMDI0MTExOS4yIKXMDSoASAFQAw%3D%3D\",\"title\":\"HBB Kimya\",\"icon\":\"https:\\\/\\\/maps.google.com\\\/mapfiles\\\/ms\\\/icons\\\/red-dot.png\",\"description\":\"\",\"latitude\":38.4951875,\"longitude\":27.0535625}],\"align\":\"full\",\"style\":\"standard\",\"type\":\"roadmap\",\"height\":\"400px\",\"draggable\":true,\"mapTypeControl\":true,\"zoomControl\":true,\"fullscreenControl\":true,\"streetViewControl\":true,\"hasCustomCSS\":false,\"customCSS\":\"\",\"otterConditions\":[]} } );\n\t\/* ]]> *\/\n<\/script>\n\n\n\n<div id=\"wp-block-themeisle-blocks-advanced-columns-4f3ae4cc\" class=\"wp-block-themeisle-blocks-advanced-columns alignfull has-2-columns has-desktop-equal-layout has-tablet-equal-layout has-mobile-collapsedRows-layout has-vertical-unset ticss-d194bb2c has-light-bg\"><div class=\"wp-block-themeisle-blocks-advanced-columns-overlay\"><\/div><div class=\"innerblocks-wrap\">\n<div id=\"wp-block-themeisle-blocks-advanced-column-3a11072a\" class=\"wp-block-themeisle-blocks-advanced-column\">\n<h4 class=\"wp-block-heading has-neve-link-hover-color-color has-text-color\"><\/h4>\n\n\n\n<h2 class=\"wp-block-heading\">\u0130leti\u015fim Bilgilerimiz<\/h2>\n\n\n\n<p id=\"wp-block-themeisle-blocks-advanced-heading-7cc5fb22\" class=\"wp-block-themeisle-blocks-advanced-heading wp-block-themeisle-blocks-advanced-heading-7cc5fb22\"><\/p>\n\n\n\n<h4 class=\"wp-block-heading\">HBB LABORATUVAR K\u0130MYA \u0130\u00c7 VE DI\u015e T\u0130C. LTD. ST\u0130.<\/h4>\n\n\n\n<div id=\"wp-block-themeisle-blocks-icon-list-97d58b0f\" class=\"wp-block-themeisle-blocks-icon-list\">\n<div id=\"wp-block-themeisle-blocks-icon-list-item-46e8caff\" class=\"wp-block-themeisle-blocks-icon-list-item\"><i class=\"fas fa-map-marker wp-block-themeisle-blocks-icon-list-item-icon-custom\"><\/i><p class=\"wp-block-themeisle-blocks-icon-list-item-content\"><strong>Adres : Yeni Mahalle, 8200. Sk. 30\/A, 35620 \u00c7i\u011fli\/\u0130zmir<\/strong><\/p><\/div>\n\n\n\n<div id=\"wp-block-themeisle-blocks-icon-list-item-53144f38\" class=\"wp-block-themeisle-blocks-icon-list-item\"><i class=\"fas fa-phone-square-alt wp-block-themeisle-blocks-icon-list-item-icon-custom\"><\/i><p class=\"wp-block-themeisle-blocks-icon-list-item-content\"><strong>TELEFON: 05531487260<\/strong><\/p><\/div>\n\n\n\n<div id=\"wp-block-themeisle-blocks-icon-list-item-cb3460b8\" class=\"wp-block-themeisle-blocks-icon-list-item\"><i class=\"fas fa-check wp-block-themeisle-blocks-icon-list-item-icon\"><\/i><p class=\"wp-block-themeisle-blocks-icon-list-item-content\"><strong><a href=\"mailto:info@hbbkimya.com\">info@hbbkimya.com<\/a><\/strong><\/p><\/div>\n<\/div>\n<\/div>\n\n\n\n<div id=\"wp-block-themeisle-blocks-advanced-column-0eb66212\" class=\"wp-block-themeisle-blocks-advanced-column contact-form\">\n<div id=\"wp-block-themeisle-blocks-form-63cd559d\" class=\"wp-block-themeisle-blocks-form ticss-63cd559d\" data-option-name=\"bf9b28ff82ce323187abc5d0feb0d8f07ecd8436_63cd559d\"><form class=\"otter-form__container\">\n<div id=\"wp-block-themeisle-blocks-form-input-fbfe0047\" class=\"wp-block-themeisle-blocks-form-input\"><label for=\"wp-block-themeisle-blocks-form-input-fbfe0047-input\" class=\"otter-form-input-label\"><span class=\"otter-form-input-label__label\">\u0130sim<\/span><span class=\"required\">*<\/span><\/label><input type=\"text\" id=\"wp-block-themeisle-blocks-form-input-fbfe0047-input\" required placeholder=\"Your name\" class=\"otter-form-input\"\/><\/div>\n\n\n\n<div id=\"wp-block-themeisle-blocks-form-input-2b087319\" class=\"wp-block-themeisle-blocks-form-input\"><label for=\"wp-block-themeisle-blocks-form-input-2b087319-input\" class=\"otter-form-input-label\"><span class=\"otter-form-input-label__label\">Email<\/span><span class=\"required\">*<\/span><\/label><input type=\"email\" id=\"wp-block-themeisle-blocks-form-input-2b087319-input\" required placeholder=\"Your email\" class=\"otter-form-input\"\/><\/div>\n\n\n\n<div id=\"wp-block-themeisle-blocks-form-textarea-12b40947\" class=\"wp-block-themeisle-blocks-form-textarea\"><label for=\"wp-block-themeisle-blocks-form-textarea-12b40947-input\" class=\"otter-form-textarea-label\"><span class=\"otter-form-textarea-label__label\">Mesaj<\/span><\/label><textarea id=\"wp-block-themeisle-blocks-form-textarea-12b40947-input\" placeholder=\"Your message\" rows=\"10\" class=\"otter-form-textarea-input\"><\/textarea><\/div>\n\n\n<div class=\"protection\" aria-hidden=\"true\"><input type=\"hidden\" id=\"wp-block-themeisle-blocks-form-63cd559d_nonce_field\" name=\"wp-block-themeisle-blocks-form-63cd559d_nonce_field\" value=\"6804b33bcb\" \/><input type=\"hidden\" name=\"_wp_http_referer\" value=\"\/index.php?rest_route=%2Fwp%2Fv2%2Fpages%2F103\" \/><input class=\"o-anti-bot\" type=\"checkbox\"><\/div><div class=\"wp-block-button\"><button class=\"wp-block-button__link\" type=\"submit\">G\u00f6nder<\/button><\/div><\/form><\/div>\n<\/div>\n<\/div><\/div>\n","protected":false},"excerpt":{"rendered":"<p>B\u0130Z\u0130MLE \u0130LET\u0130\u015e\u0130ME GE\u00c7\u0130N<\/p>\n","protected":false},"author":1,"featured_media":0,"parent":0,"menu_order":0,"comment_status":"closed","ping_status":"closed","template":"page-templates\/template-pagebuilder-full-width.php","meta":{"neve_meta_sidebar":"full-width","neve_meta_container":"","neve_meta_enable_content_width":"on","neve_meta_content_width":100,"neve_meta_title_alignment":"","neve_meta_author_avatar":"","neve_post_elements_order":"","neve_meta_disable_header":"","neve_meta_disable_footer":"","neve_meta_disable_title":"on","_themeisle_gutenberg_block_has_review":false,"footnotes":""},"class_list":["post-103","page","type-page","status-publish","hentry"],"_links":{"self":[{"href":"https:\/\/hbbkimya.com\/index.php?rest_route=\/wp\/v2\/pages\/103","targetHints":{"allow":["GET"]}}],"collection":[{"href":"https:\/\/hbbkimya.com\/index.php?rest_route=\/wp\/v2\/pages"}],"about":[{"href":"https:\/\/hbbkimya.com\/index.php?rest_route=\/wp\/v2\/types\/page"}],"author":[{"embeddable":true,"href":"https:\/\/hbbkimya.com\/index.php?rest_route=\/wp\/v2\/users\/1"}],"replies":[{"embeddable":true,"href":"https:\/\/hbbkimya.com\/index.php?rest_route=%2Fwp%2Fv2%2Fcomments&post=103"}],"version-history":[{"count":22,"href":"https:\/\/hbbkimya.com\/index.php?rest_route=\/wp\/v2\/pages\/103\/revisions"}],"predecessor-version":[{"id":1528,"href":"https:\/\/hbbkimya.com\/index.php?rest_route=\/wp\/v2\/pages\/103\/revisions\/1528"}],"wp:attachment":[{"href":"https:\/\/hbbkimya.com\/index.php?rest_route=%2Fwp%2Fv2%2Fmedia&parent=103"}],"curies":[{"name":"wp","href":"https:\/\/api.w.org\/{rel}","templated":true}]}}